{"id":280,"date":"2022-09-13T18:38:23","date_gmt":"2022-09-13T18:38:23","guid":{"rendered":"https:\/\/internationalproblems.rs\/about-us\/"},"modified":"2022-10-23T21:04:47","modified_gmt":"2022-10-23T21:04:47","slug":"about-us","status":"publish","type":"page","link":"https:\/\/internationalproblems.rs\/en\/about-us\/","title":{"rendered":"About us"},"content":{"rendered":"\n<h3 class=\"wp-block-heading\">Editor-in-Chief<\/h3>\n\n<p class=\"has-medium-font-size\">dr Ivona La\u0111evac<\/p>\n\n<h3 class=\"wp-block-heading\">Deputy Editor-in-Chief<\/h3>\n\n<p class=\"has-medium-font-size\">dr Neboj\u0161a Vukovi\u0107<\/p>\n\n<h3 class=\"wp-block-heading\">Secretary<\/h3>\n\n<p class=\"has-medium-font-size\">dr Milo\u0161 Petrovi\u0107<\/p>\n\n<h3 class=\"wp-block-heading\">Contact<\/h3>\n\n<p class=\"has-medium-font-size\"><a href=\"mailto:ip@diplomacy.bg.ac.rs\">ip@diplomacy.bg.ac.rs<\/a><\/p>\n\n<hr class=\"wp-block-separator has-alpha-channel-opacity\"\/>\n\n<h3 class=\"wp-block-heading\">EDITORIAL BOARD<\/h3>\n\n<ul class=\"has-medium-font-size wp-block-list\"><li>Prof. Slobodan MILA\u010cI\u0106, Full Professor, Faculty of Law, Political Science and Economics, Bordeaux, France<\/li><li>Prof. Dejan GUZINA, Full Professor, Wilfrid Laurier University, Waterloo, Canada<\/li><li>Prof. Nikolaos TZIFAKIS, Associate Professor, Department of Political Science and International Relations of the University of the Peloponnese<\/li><li>Prof. Toni MILESKI, Full Professor, Faculty of Philosophy-Institute for Security, Defence and Peace, the Ss. Cyril and Methodius University, Skopje, North Macedonia<\/li><li>Dr. Mi\u0161a \u0110URKOVI\u0106, Senior Research Associate, Institute of European Studies, Belgrade<\/li><li>Prof. Branislav \u0110OR\u0110EVI\u0106, Full Professor, Institute of International Politics and Economics, Belgrade<\/li><li>Prof. Dragan \u0110UKANOVI\u0106, Full Professor, Faculty of Political Sciences, University of Belgrade<\/li><li>Prof. Vanja ROKVI\u0106, Associate Professor, Faculty of Security Studies, University of Belgrade<\/li><li>Prof. CHEN Xin, Full Professor, Institute of European Studies, Chinese Academy of Social Sciences, Beijing, China<\/li><li>Prof. Bazyli CZYZEWSKI, Full Professor, Pozna\u0144 University of Economics and Business, Poland<\/li><li>Prof. Milenko PETROVI\u0106, Senior Lecturer, University of Canterbury, Christchurch, New Zealand<\/li><li>Prof. Dejan MOLNAR, Associate Professor, Faculty of Economics, University of Belgrade<\/li><li>Dr. Vladimir AJZENHAMER, Assistant Professor, Faculty of Security Studies, University of Belgrade<\/li><li>Dr. \u017deljko BUDIMIR, Assistant Professor, Faculty of Political Sciences, Banja Luka, the Republic of Srpska<\/li><li>Prof. Ivana POPOVI\u0106-PETROVI\u0106, Associate Professor, Faculty of Economics, University of Belgrade<\/li><li>Dr. Dejana VUKASOVI\u0106, Senior Research Associate, Institute of Political Studies, Belgrade<\/li><li>Dr. Milan IGRUTINOVI\u0106, Research Fellow, Institute of European Studies, Belgrade<\/li><li>Dr. Du\u0161an PROROKOVI\u0106, Research Fellow, Institute of International Politics and Economics, Belgrade<\/li><li>Dr. Yuriy KULINTSEV, Research Fellow, Institute of China and \u0421ontemporary Asia of the Russian Academy of Sciences<\/li><li>Dr. Dejan VULETI\u0106, Research Fellow, Strategic Research Institute, Belgrade<\/li><li>Dr. Marina KOSTI\u0106, Research Fellow, Institute of International Politics and Economics, Belgrade<\/li><\/ul>\n\n<hr class=\"wp-block-separator has-alpha-channel-opacity\"\/>\n\n<h3 class=\"wp-block-heading\">Publishing Council<\/h3>\n\n<ul class=\"has-medium-font-size wp-block-list\"><li>Prof. Dejan JOVI\u0106, Full Professor, Faculty of Political Sciences of Zagreb University, President<\/li><li>Prof. Dragan SIMI\u0106, Full Professor, Faculty of Political Sciences, University of Belgrade<\/li><li>Prof. Demetrius ANDREAS FLOUDAS, Full Professor, Huges Hall College, University of Cambridge, Great Britain<\/li><li>Prof. Robert HAYDEN, Professor Emeritus, Center for Russian and East European Studies, University of Pittsburgh, USA<\/li><li>Prof. Irena KIKERKOVA, Full Professor, Faculty of Economics, the Ss. Cyril and Methodius University, Skopje, North Macedonia<\/li><li>Prof. Natalija VLADIMIRNOVA KULIKOVA, Associate Professor, Institute of Economics of the Russian Academy of Sciences, Moscow, the Russian Federation<\/li><li>Prof. Alexander LUKIN, Full Professor, Moscow State Institute of International Relations, Moscow, the Russian Federation<\/li><li>Prof. Charan WADHVA, Professor Emeritus, Centre for Policy Research, New Delhi, India<\/li><li>Prof. Dra\u017een DERADO, Full Professor, Faculty of Economics, University of Split, Croatia<\/li><li>Dr. Sandro KNEZOVI\u0106, Senior Research Associate, Institute for Development and International Relations, Zagreb, Croatia<\/li><li>Prof. Zoran JEFTI\u0106, Associate Professor, Faculty of Security Studies, University of Belgrade<\/li><li>Prof. Jelena KOZOMARA, Full Professor, Faculty of Economics, University of Belgrade<\/li><li>Prof. Dejan MIHAILOVI\u0106, Full Professor, University of Monterrey, Mexico<\/li><li>Dr. Marek HRUBEC, Senior Research Fellow, Centre of Global Studies, Institute of Philosophy, Czech Academy of Sciences of the Czech Republic, Prague<\/li><\/ul>\n\n<p><\/p>\n","protected":false},"excerpt":{"rendered":"<p>Editor-in-Chief dr Ivona La\u0111evac Deputy Editor-in-Chief dr Neboj\u0161a Vukovi\u0107 Secretary dr Milo\u0161 Petrovi\u0107 Contact ip@diplomacy.bg.ac.rs EDITORIAL BOARD Prof. Slobodan MILA\u010cI\u0106, Full Professor, Faculty of Law, Political Science and Economics, Bordeaux, France Prof. Dejan GUZINA, Full Professor, Wilfrid Laurier University, Waterloo, Canada Prof. Nikolaos TZIFAKIS, Associate Professor, Department of Political Science and International Relations of the [&hellip;]<\/p>\n","protected":false},"author":1,"featured_media":0,"parent":0,"menu_order":0,"comment_status":"open","ping_status":"closed","template":"","meta":{"_themeisle_gutenberg_block_has_review":false,"footnotes":""},"class_list":["post-280","page","type-page","status-publish","hentry"],"blocksy_meta":{"styles_descriptor":{"styles":{"desktop":"","tablet":"","mobile":""},"google_fonts":[],"version":6},"page_title_panel":"","has_hero_section":"default","193cf00a4b07fccc399039d9ed52c8fc":"","hero_section":"type-1","hero_elements":[{"id":"custom_title","enabled":true,"heading_tag":"h1","title":"Home"},{"id":"custom_description","enabled":true,"description_visibility":{"desktop":true,"tablet":true,"mobile":false}},{"id":"custom_meta","enabled":false,"meta_elements":[{"id":"author","enabled":true,"label":"By","has_author_avatar":"yes","avatar_size":25},{"id":"post_date","enabled":true,"label":"On","date_format_source":"default","date_format":"M j, Y"},{"id":"updated_date","enabled":false,"label":"On","date_format_source":"default","date_format":"M j, Y"},{"id":"categories","enabled":false,"label":"In","style":"simple"},{"id":"comments","enabled":true}],"page_meta_elements":{"joined":true,"articles_count":true,"comments":true}},{"id":"breadcrumbs","enabled":false}],"695b826868dc48dc36d63518a5aa4574":"","hero_alignment1":"CT_CSS_SKIP_RULE","hero_margin":40,"hero_alignment2":"center","hero_vertical_alignment":"center","cef5ab944cbe5bd7594bc482bed02158":"","hero_structure":"narrow","550b1d5985d0bc0f9b27dfe07585d885":"","page_title_bg_type":"featured_image","custom_hero_background":{"attachment_id":null},"page_title_image_size":"full","parallax":{"desktop":false,"tablet":false,"mobile":false},"7a5c2f5a8cef70a02aaeba907d777e0d":"","hero_height":"250px","pageTitleFont":{"family":"Default","variation":"Default","size":"30px","line-height":"CT_CSS_SKIP_RULE","letter-spacing":"CT_CSS_SKIP_RULE","text-transform":"CT_CSS_SKIP_RULE","text-decoration":"CT_CSS_SKIP_RULE"},"pageTitleFontColor":{"default":{"color":"CT_CSS_SKIP_RULEDEFAULT"}},"pageMetaFont":{"family":"Default","variation":"n6","size":"12px","line-height":"1.3","letter-spacing":"CT_CSS_SKIP_RULE","text-transform":"uppercase","text-decoration":"CT_CSS_SKIP_RULE"},"pageMetaFontColor":{"default":{"color":"CT_CSS_SKIP_RULEDEFAULT"},"hover":{"color":"CT_CSS_SKIP_RULEDEFAULT"}},"page_meta_button_type_font_colors":{"default":{"color":"CT_CSS_SKIP_RULEDEFAULT"},"hover":{"color":"CT_CSS_SKIP_RULEDEFAULT"}},"page_meta_button_type_background_colors":{"default":{"color":"CT_CSS_SKIP_RULEDEFAULT"},"hover":{"color":"CT_CSS_SKIP_RULEDEFAULT"}},"pageExcerptFont":{"family":"Default","variation":"Default","size":"CT_CSS_SKIP_RULE","line-height":"CT_CSS_SKIP_RULE","letter-spacing":"CT_CSS_SKIP_RULE","text-transform":"CT_CSS_SKIP_RULE","text-decoration":"CT_CSS_SKIP_RULE"},"pageExcerptColor":{"default":{"color":"CT_CSS_SKIP_RULEDEFAULT"}},"breadcrumbsFont":{"family":"Default","variation":"Default","size":"CT_CSS_SKIP_RULE","line-height":"CT_CSS_SKIP_RULE","letter-spacing":"CT_CSS_SKIP_RULE","text-transform":"CT_CSS_SKIP_RULE","text-decoration":"CT_CSS_SKIP_RULE"},"breadcrumbsFontColor":{"default":{"color":"CT_CSS_SKIP_RULEDEFAULT"},"initial":{"color":"CT_CSS_SKIP_RULEDEFAULT"},"hover":{"color":"CT_CSS_SKIP_RULEDEFAULT"}},"pageTitleOverlay":{"background_type":"color","background_pattern":"type-1","background_image":{"attachment_id":null,"x":0,"y":0},"gradient":"linear-gradient(135deg,rgba(6,147,227,1) 0%,rgb(155,81,224) 100%)","background_repeat":"repeat","background_size":"auto","background_attachment":"scroll","patternColor":{"default":{"color":"#e5e7ea"}},"overlayColor":{"default":{"color":"CT_CSS_SKIP_RULE"}},"backgroundColor":{"default":{"color":"CT_CSS_SKIP_RULE"}}},"pageTitleBackground":{"background_type":"color","background_pattern":"type-1","background_image":{"attachment_id":null,"x":0,"y":0},"gradient":"linear-gradient(135deg,rgba(6,147,227,1) 0%,rgb(155,81,224) 100%)","background_repeat":"repeat","background_size":"auto","background_attachment":"scroll","patternColor":{"default":{"color":"#e5e7ea"}},"overlayColor":{"default":{"color":"CT_CSS_SKIP_RULE"}},"backgroundColor":{"default":{"color":"var(--theme-palette-color-6)"}}},"pageTitlePadding":{"top":"50px","bottom":"50px","left":"auto","right":"auto","linked":true},"b9c93fa07c0b094793e9c011ba23ce6f":"","page_structure_type":"default","08471bdf25580d895dc1c667bf2db2bf":"","content_style_source":"inherit","content_style":"wide","vertical_spacing_source":"inherit","content_area_spacing":"both","background":{"background_type":"color","background_pattern":"type-1","background_image":{"attachment_id":null,"x":0,"y":0},"gradient":"linear-gradient(135deg,rgba(6,147,227,1) 0%,rgb(155,81,224) 100%)","background_repeat":"repeat","background_size":"auto","background_attachment":"scroll","patternColor":{"default":{"color":"#e5e7ea"}},"overlayColor":{"default":{"color":"CT_CSS_SKIP_RULE"}},"backgroundColor":{"default":{"color":"CT_CSS_SKIP_RULE"}}},"content_background":{"background_type":"color","background_pattern":"type-1","background_image":{"attachment_id":null,"x":0,"y":0},"gradient":"linear-gradient(135deg,rgba(6,147,227,1) 0%,rgb(155,81,224) 100%)","background_repeat":"repeat","background_size":"auto","background_attachment":"scroll","patternColor":{"default":{"color":"#e5e7ea"}},"overlayColor":{"default":{"color":"CT_CSS_SKIP_RULE"}},"backgroundColor":{"default":{"color":"var(--theme-palette-color-8)"}}},"content_boxed_shadow":{"inherit":false,"blur":18,"spread":-6,"v_offset":12,"h_offset":0,"inset":false,"enable":true,"color":{"color":"rgba(34, 56, 101, 0.04)"}},"content_boxed_border":{"width":1,"style":"none","color":{"color":"rgba(44,62,80,0.2)"}},"content_boxed_radius":{"top":"3px","bottom":"3px","left":"3px","right":"3px","linked":true},"boxed_content_spacing":{"desktop":{"top":"40px","bottom":"40px","left":"40px","right":"40px","linked":true},"tablet":{"top":"35px","bottom":"35px","left":"35px","right":"35px","linked":true},"mobile":{"top":"20px","bottom":"20px","left":"20px","right":"20px","linked":true}},"ea08f175acd80ed7b6a9e5b3b3f854af":"","disable_featured_image":"no","disable_share_box":"no","disable_header":"no","disable_footer":"no"},"aioseo_notices":[],"_links":{"self":[{"href":"https:\/\/internationalproblems.rs\/en\/wp-json\/wp\/v2\/pages\/280","targetHints":{"allow":["GET"]}}],"collection":[{"href":"https:\/\/internationalproblems.rs\/en\/wp-json\/wp\/v2\/pages"}],"about":[{"href":"https:\/\/internationalproblems.rs\/en\/wp-json\/wp\/v2\/types\/page"}],"author":[{"embeddable":true,"href":"https:\/\/internationalproblems.rs\/en\/wp-json\/wp\/v2\/users\/1"}],"replies":[{"embeddable":true,"href":"https:\/\/internationalproblems.rs\/en\/wp-json\/wp\/v2\/comments?post=280"}],"version-history":[{"count":10,"href":"https:\/\/internationalproblems.rs\/en\/wp-json\/wp\/v2\/pages\/280\/revisions"}],"predecessor-version":[{"id":431,"href":"https:\/\/internationalproblems.rs\/en\/wp-json\/wp\/v2\/pages\/280\/revisions\/431"}],"wp:attachment":[{"href":"https:\/\/internationalproblems.rs\/en\/wp-json\/wp\/v2\/media?parent=280"}],"curies":[{"name":"wp","href":"https:\/\/api.w.org\/{rel}","templated":true}]}}