{"id":570,"date":"2022-11-06T18:15:54","date_gmt":"2022-11-06T18:15:54","guid":{"rendered":"https:\/\/internationalproblems.rs\/editorial-board\/"},"modified":"2025-11-25T20:12:36","modified_gmt":"2025-11-25T20:12:36","slug":"editorial-board","status":"publish","type":"page","link":"https:\/\/internationalproblems.rs\/en\/editorial-board\/","title":{"rendered":"Editorial board"},"content":{"rendered":"\n<div id=\"wp-block-themeisle-blocks-advanced-columns-3bff87a9\" class=\"wp-block-themeisle-blocks-advanced-columns has-1-columns has-desktop-equal-layout has-tablet-equal-layout has-mobile-equal-layout has-vertical-unset\"><div class=\"wp-block-themeisle-blocks-advanced-columns-overlay\"><\/div><div class=\"innerblocks-wrap\">\n<div id=\"wp-block-themeisle-blocks-advanced-column-ddb3da0b\" class=\"wp-block-themeisle-blocks-advanced-column\"><\/div><br>\n<\/div><\/div>\n\n\n\n<h3 class=\"wp-block-heading\">Editorial Board<\/h3>\n\n\n\n<ul class=\"wp-block-list has-medium-font-size\">\n<li>Prof. Nikolaos TZIFAKIS, Full Professor, Department of Political Science and International Relations of the University of the Peloponnese<\/li>\n\n\n\n<li>Prof. Milenko PETROVI\u0106, Senior Lecturer, University of Canterbury, Christchurch, New Zealand<\/li>\n\n\n\n<li>Prof. CHEN Xin, Full Professor, Institute of European Studies, Chinese Academy of Social Sciences, Beijing, China<\/li>\n\n\n\n<li>Prof. Slobodan MILA\u010cI\u0106, Full Professor, Faculty of Law, Political Science and Economics, Bordeaux, France<\/li>\n\n\n\n<li>Prof. Dejan GUZINA, Full Professor, Wilfrid Laurier University, Waterloo, Canada<\/li>\n\n\n\n<li>Prof. Toni MILESKI, Full Professor, Faculty of Philosophy-Institute for Security, Defence and Peace, the Ss. Cyril and Methodius University, Skopje, North Macedonia<\/li>\n\n\n\n<li>Dr. Mi\u0161a \u0110URKOVI\u0106, Senior Research Associate, Institute of European Studies, Belgrade<\/li>\n\n\n\n<li>Dr. Christina GRIESSLER, Research Fellow, Andr\u00e1ssy University Budapest, Hungary<\/li>\n\n\n\n<li>Dr. \u00c1d\u00e1m Bence BAL\u00c1ZS, Researcher\/Lecturer, University of Passau, Passau, Germany<\/li>\n\n\n\n<li>Dr. Ivana RADI\u0106 MILOSAVLjEVI\u0106, Associate Professor, Faculty of Political Sciences, University of Belgrade<\/li>\n\n\n\n<li>Prof. Branislav \u0110OR\u0110EVI\u0106, Full Professor, Institute of International Politics and Economics, Belgrade<\/li>\n\n\n\n<li>Prof. Dragan \u0110UKANOVI\u0106, Full Professor, Faculty of Political Sciences, University of Belgrade<\/li>\n\n\n\n<li>Prof. Vanja ROKVI\u0106, Associate Professor, Faculty of Security Studies, University of Belgrade<\/li>\n\n\n\n<li>Prof. Bazyli CZYZEWSKI, Full Professor, Pozna\u0144 University of Economics and Business, Poland<\/li>\n\n\n\n<li>Prof. Dejan MOLNAR, Full Professor, Faculty of Economics, University of Belgrade<\/li>\n\n\n\n<li>Dr. Vladimir AJZENHAMER, Associate Professor, Faculty of Security Studies, University of Belgrade<\/li>\n\n\n\n<li>Prof. Ivana POPOVI\u0106-PETROVI\u0106, Associate Professor, Faculty of Economics, University of Belgrade<\/li>\n\n\n\n<li>Dr. Dejana VUKASOVI\u0106, Principal Research Fellow, Institute of Social Sciences, Belgrade<\/li>\n\n\n\n<li>Dr. Sanja FILIPOVI\u0106, Principal Research Fellow, Institute of Social Sciences, Belgrade<\/li>\n\n\n\n<li>Dr. Milan IGRUTINOVI\u0106, Research Fellow, Institute of European Studies, Belgrade<\/li>\n\n\n\n<li>Dr. Du\u0161an PROROKOVI\u0106, Senior Research Fellow, Institute of International Politics and Economics, Belgrade<\/li>\n\n\n\n<li>Dr. Yuriy KULINTSEV, Research Fellow, Institute of China and \u0421ontemporary Asia of the Russian Academy of Sciences<\/li>\n\n\n\n<li>Dr. Dejan VULETI\u0106, Research Fellow, Strategic Research Institute, Belgrade<\/li>\n\n\n\n<li>Dr. Marina KOSTI\u0106 \u0160ULEJI\u0106, Senior Research Fellow, Institute of International Politics and Economics, Belgrade<\/li>\n<\/ul>\n","protected":false},"excerpt":{"rendered":"<p>Editorial Board<\/p>\n","protected":false},"author":1,"featured_media":0,"parent":0,"menu_order":0,"comment_status":"closed","ping_status":"closed","template":"","meta":{"_themeisle_gutenberg_block_has_review":false,"footnotes":""},"class_list":["post-570","page","type-page","status-publish","hentry"],"blocksy_meta":{"styles_descriptor":{"styles":{"desktop":"","tablet":"","mobile":""},"google_fonts":[],"version":6}},"aioseo_notices":[],"_links":{"self":[{"href":"https:\/\/internationalproblems.rs\/en\/wp-json\/wp\/v2\/pages\/570","targetHints":{"allow":["GET"]}}],"collection":[{"href":"https:\/\/internationalproblems.rs\/en\/wp-json\/wp\/v2\/pages"}],"about":[{"href":"https:\/\/internationalproblems.rs\/en\/wp-json\/wp\/v2\/types\/page"}],"author":[{"embeddable":true,"href":"https:\/\/internationalproblems.rs\/en\/wp-json\/wp\/v2\/users\/1"}],"replies":[{"embeddable":true,"href":"https:\/\/internationalproblems.rs\/en\/wp-json\/wp\/v2\/comments?post=570"}],"version-history":[{"count":10,"href":"https:\/\/internationalproblems.rs\/en\/wp-json\/wp\/v2\/pages\/570\/revisions"}],"predecessor-version":[{"id":2173,"href":"https:\/\/internationalproblems.rs\/en\/wp-json\/wp\/v2\/pages\/570\/revisions\/2173"}],"wp:attachment":[{"href":"https:\/\/internationalproblems.rs\/en\/wp-json\/wp\/v2\/media?parent=570"}],"curies":[{"name":"wp","href":"https:\/\/api.w.org\/{rel}","templated":true}]}}