{"id":10,"date":"2022-09-13T18:38:23","date_gmt":"2022-09-13T18:38:23","guid":{"rendered":"https:\/\/internationalproblems.rs\/?page_id=10"},"modified":"2022-10-23T21:00:15","modified_gmt":"2022-10-23T21:00:15","slug":"o-nama","status":"publish","type":"page","link":"https:\/\/internationalproblems.rs\/sr-latn\/o-nama\/","title":{"rendered":"O nama"},"content":{"rendered":"\n<h3 class=\"wp-block-heading\">Glavni i odgovorni urednik<\/h3>\n\n\n\n<p class=\"has-medium-font-size\">dr Ivona La\u0111evac<\/p>\n\n\n\n<h3 class=\"wp-block-heading\">Zamenik glavnog i odgovornog urednika<\/h3>\n\n\n\n<p class=\"has-medium-font-size\">dr Neboj\u0161a Vukovi\u0107<\/p>\n\n\n\n<h3 class=\"wp-block-heading\">Sekretar<\/h3>\n\n\n\n<p class=\"has-medium-font-size\">dr Milo\u0161 Petrovi\u0107<\/p>\n\n\n\n<h3 class=\"wp-block-heading\">Kontakt<\/h3>\n\n\n\n<p class=\"has-medium-font-size\"><a href=\"mailto:ip@diplomacy.bg.ac.rs\">ip@diplomacy.bg.ac.rs<\/a><\/p>\n\n\n\n<hr class=\"wp-block-separator has-alpha-channel-opacity\"\/>\n\n\n\n<h3 class=\"wp-block-heading\">URE\u0110IVA\u010cKI ODBOR<\/h3>\n\n\n\n<ul class=\"has-medium-font-size wp-block-list\"><li>Prof. dr Slobodan MILA\u010cI\u0106, redovni profesor, Univerzitet za pravo, politi\u010dke studije i ekonomiju, Bordo, Francuska<\/li><li>Prof. dr Dejan GUZINA, redovni profesor, Univerzitet Vilfrid Lorier, Vaterlo, Kanada<\/li><li>Prof. dr Nikolaos CIFAKIS, vanredni profesor, Odeljenje za politi\u010dke nauke i me\u0111unarodne odnose, Univerzitet na Peloponezu<\/li><li>Prof. dr Toni MILESKI, redovni profesor, Univerzitet Sv. \u0106irilo i Metodije, Filozofski fakultet \u2013 Institut za bezbednost, odbranu i mir, Skoplje, Severna Makedonija<\/li><li>Dr Mi\u0161a \u0110URKOVI\u0106, nau\u010dni savetnik, Institut za evropske studije, Beograd<\/li><li>Prof. dr Branislav \u0110OR\u0110EVI\u0106, redovni profesor, Institut za me\u0111unarodnu politiku i privredu, Beograd<\/li><li>Prof. dr Dragan \u0110UKANOVI\u0106, redovni profesor, Fakultet politi\u010dkih nauka Univerziteta u Beogradu<\/li><li>Prof. dr Vanja ROKVI\u0106, vanredni profesor, Fakultet bezbednosti Univerziteta u Beogradu<\/li><li>Prof. dr Sin \u010cEN, redovni profesor, Institut za evropske studije, Kineska akademija dru\u0161tvenih nauka, Peking, Kina<\/li><li>Prof. dr Bazil \u010cIZEVSKI, redovni profesor, Univerzitet za poslovnu ekonomiju, Poznanj, Poljska<\/li><li>Prof. dr Milenko PETROVI\u0106, vi\u0161i predava\u010d, Univerzitet Kenterberi, Krajs\u010dr\u010d, Novi Zeland<\/li><li>Prof. dr Dejan MOLNAR, vanredni profesor, Ekonomski fakultet Univerziteta u Beogradu<\/li><li>Dr Vladimir AJZENHAMER, docent, Fakultet bezbednosti Univerziteta u Beogradu<\/li><li>Dr \u017deljko BUDIMIR, docent, Fakultet politi\u010dkih nauka, Banja Luka, Republika Srpska<\/li><li>Dr Ivana POPOVI\u0106-PETROVI\u0106, vanredni profesor, Ekonomski fakultet Univerziteta u Beogradu<\/li><li>Dr Dejana VUKASOVI\u0106, nau\u010dni savetnik, Institut za politi\u010dke studije, Beograd<\/li><li>Dr Milan IGRUTINOVI\u0106, nau\u010dni saradnik, Institut za evropske studije, Beograd<\/li><li>Dr Du\u0161an PROROKOVI\u0106, nau\u010dni saradnik, Institut za me\u0111unarodnu politiku i privredu, Beograd<\/li><li>Dr Juri KULINJCEV, nau\u010dni saradnik, Institut za Kinu i savremenu Aziju, Ruska akademija nauka<\/li><li>Dr Dejan VULETI\u0106, nau\u010dni saradnik, Institut za strategijska istra\u017eivanja, Beograd<\/li><li>Dr Marina KOSTI\u0106, nau\u010dni saradnik, Institut za me\u0111unarodnu politiku i privredu, Beograd<\/li><\/ul>\n\n\n\n<hr class=\"wp-block-separator has-alpha-channel-opacity\"\/>\n\n\n\n<h3 class=\"wp-block-heading\">IZDAVA\u010cKI SAVET<\/h3>\n\n\n\n<ul class=\"has-medium-font-size wp-block-list\"><li>Prof. dr Dejan JOVI\u0106, redovni profesor, Fakultet politi\u010dkih znanosti Sveu\u010dili\u0161ta u Zagrebu, predsednik<\/li><li>Prof. dr Dragan SIMI\u0106, redovni profesor, Fakultet politi\u010dkih nauka Univerziteta u Beogradu<\/li><li>Prof. dr Demetrius ANDREAS FLOUDAS, redovni profesor, Hjuz Hol koled\u017e, Univerzitet u Kembrid\u017eu, Velika Britanija<\/li><li>Prof. dr Robert HEJDEN, profesor emeritus, Centar za ruske i isto\u010dnoevropske studije, Pitsburg, SAD<\/li><li>Prof. dr Irena KIKERKOVA, redovni profesor, Ekonomski fakultet Univerziteta Sv. \u0106irilo i Metodije, Skoplje, Severna Makedonija<\/li><li>Dr Natalija VLADIMIROVNA KULIKOVA, vanredni profesor, Ekonomski institut Ruske akademije nauka, Moskva, Ruska Federacija<\/li><li>Dr Aleksandar LUKIN, redovni profesor, Moskovski dr\u017eavni institut za me\u0111unarodne odnose, Moskva, Ruska Federacija<\/li><li>Prof. dr \u010caran VODVA, profesor emeritus, Centar za istra\u017eivanje politike, Nju Delhi, Indija<\/li><li>Prof. dr Dra\u017een DERADO, redovni profesor, Ekonomski fakultet Sveu\u010dili\u0161ta u Splitu, Hrvatska<\/li><li>Dr Sandro KNEZOVI\u0106, nau\u010dni savetnik, Institut za razvoj i me\u0111unarodne odnose, Zagreb, Hrvatska<\/li><li>Prof. dr Zoran JEFTI\u0106, vanredni profesor, Fakultet bezbednosti Univerziteta u Beogradu<\/li><li>Prof. dr Jelena KOZOMARA, redovni profesor, Ekonomski fakultet Univerziteta u Beogradu<\/li><li>Prof. dr Dejan MIHAILOVI\u0106, redovni profesor, Univerzitet Monterej, Meksiko<\/li><li>Dr Marek HRUBEC, vi\u0161i nau\u010dni saradnik, Centar za globalne studije, Filozofski institut, \u010ce\u0161ka akademija nauka, Prag, \u010ce\u0161ka<\/li><\/ul>\n\n\n\n<p><\/p>\n","protected":false},"excerpt":{"rendered":"<p>Glavni i odgovorni urednik dr Ivona La\u0111evac Zamenik glavnog i odgovornog urednika dr Neboj\u0161a Vukovi\u0107 Sekretar dr Milo\u0161 Petrovi\u0107 Kontakt ip@diplomacy.bg.ac.rs URE\u0110IVA\u010cKI ODBOR Prof. dr Slobodan MILA\u010cI\u0106, redovni profesor, Univerzitet za pravo, politi\u010dke studije i ekonomiju, Bordo, Francuska Prof. dr Dejan GUZINA, redovni profesor, Univerzitet Vilfrid Lorier, Vaterlo, Kanada Prof. dr Nikolaos CIFAKIS, vanredni profesor, [&hellip;]<\/p>\n","protected":false},"author":1,"featured_media":0,"parent":0,"menu_order":0,"comment_status":"open","ping_status":"closed","template":"","meta":{"_themeisle_gutenberg_block_has_review":false,"footnotes":""},"class_list":["post-10","page","type-page","status-publish","hentry"],"blocksy_meta":{"styles_descriptor":{"styles":{"desktop":"","tablet":"","mobile":""},"google_fonts":[],"version":6},"page_title_panel":"","has_hero_section":"default","193cf00a4b07fccc399039d9ed52c8fc":"","hero_section":"type-1","hero_elements":[{"id":"custom_title","enabled":true,"heading_tag":"h1","title":"Home"},{"id":"custom_description","enabled":true,"description_visibility":{"desktop":true,"tablet":true,"mobile":false}},{"id":"custom_meta","enabled":false,"meta_elements":[{"id":"author","enabled":true,"label":"By","has_author_avatar":"yes","avatar_size":25},{"id":"post_date","enabled":true,"label":"On","date_format_source":"default","date_format":"M j, Y"},{"id":"updated_date","enabled":false,"label":"On","date_format_source":"default","date_format":"M j, Y"},{"id":"categories","enabled":false,"label":"In","style":"simple"},{"id":"comments","enabled":true}],"page_meta_elements":{"joined":true,"articles_count":true,"comments":true}},{"id":"breadcrumbs","enabled":false}],"695b826868dc48dc36d63518a5aa4574":"","hero_alignment1":"CT_CSS_SKIP_RULE","hero_margin":40,"hero_alignment2":"center","hero_vertical_alignment":"center","cef5ab944cbe5bd7594bc482bed02158":"","hero_structure":"narrow","550b1d5985d0bc0f9b27dfe07585d885":"","page_title_bg_type":"featured_image","custom_hero_background":{"attachment_id":null},"page_title_image_size":"full","parallax":{"desktop":false,"tablet":false,"mobile":false},"7a5c2f5a8cef70a02aaeba907d777e0d":"","hero_height":"250px","pageTitleFont":{"family":"Default","variation":"Default","size":"30px","line-height":"CT_CSS_SKIP_RULE","letter-spacing":"CT_CSS_SKIP_RULE","text-transform":"CT_CSS_SKIP_RULE","text-decoration":"CT_CSS_SKIP_RULE"},"pageTitleFontColor":{"default":{"color":"CT_CSS_SKIP_RULEDEFAULT"}},"pageMetaFont":{"family":"Default","variation":"n6","size":"12px","line-height":"1.3","letter-spacing":"CT_CSS_SKIP_RULE","text-transform":"uppercase","text-decoration":"CT_CSS_SKIP_RULE"},"pageMetaFontColor":{"default":{"color":"CT_CSS_SKIP_RULEDEFAULT"},"hover":{"color":"CT_CSS_SKIP_RULEDEFAULT"}},"page_meta_button_type_font_colors":{"default":{"color":"CT_CSS_SKIP_RULEDEFAULT"},"hover":{"color":"CT_CSS_SKIP_RULEDEFAULT"}},"page_meta_button_type_background_colors":{"default":{"color":"CT_CSS_SKIP_RULEDEFAULT"},"hover":{"color":"CT_CSS_SKIP_RULEDEFAULT"}},"pageExcerptFont":{"family":"Default","variation":"Default","size":"CT_CSS_SKIP_RULE","line-height":"CT_CSS_SKIP_RULE","letter-spacing":"CT_CSS_SKIP_RULE","text-transform":"CT_CSS_SKIP_RULE","text-decoration":"CT_CSS_SKIP_RULE"},"pageExcerptColor":{"default":{"color":"CT_CSS_SKIP_RULEDEFAULT"}},"breadcrumbsFont":{"family":"Default","variation":"Default","size":"CT_CSS_SKIP_RULE","line-height":"CT_CSS_SKIP_RULE","letter-spacing":"CT_CSS_SKIP_RULE","text-transform":"CT_CSS_SKIP_RULE","text-decoration":"CT_CSS_SKIP_RULE"},"breadcrumbsFontColor":{"default":{"color":"CT_CSS_SKIP_RULEDEFAULT"},"initial":{"color":"CT_CSS_SKIP_RULEDEFAULT"},"hover":{"color":"CT_CSS_SKIP_RULEDEFAULT"}},"pageTitleOverlay":{"background_type":"color","background_pattern":"type-1","background_image":{"attachment_id":null,"x":0,"y":0},"gradient":"linear-gradient(135deg,rgba(6,147,227,1) 0%,rgb(155,81,224) 100%)","background_repeat":"repeat","background_size":"auto","background_attachment":"scroll","patternColor":{"default":{"color":"#e5e7ea"}},"overlayColor":{"default":{"color":"CT_CSS_SKIP_RULE"}},"backgroundColor":{"default":{"color":"CT_CSS_SKIP_RULE"}}},"pageTitleBackground":{"background_type":"color","background_pattern":"type-1","background_image":{"attachment_id":null,"x":0,"y":0},"gradient":"linear-gradient(135deg,rgba(6,147,227,1) 0%,rgb(155,81,224) 100%)","background_repeat":"repeat","background_size":"auto","background_attachment":"scroll","patternColor":{"default":{"color":"#e5e7ea"}},"overlayColor":{"default":{"color":"CT_CSS_SKIP_RULE"}},"backgroundColor":{"default":{"color":"var(--theme-palette-color-6)"}}},"pageTitlePadding":{"top":"50px","bottom":"50px","left":"auto","right":"auto","linked":true},"b9c93fa07c0b094793e9c011ba23ce6f":"","page_structure_type":"default","08471bdf25580d895dc1c667bf2db2bf":"","content_style_source":"inherit","content_style":"wide","vertical_spacing_source":"inherit","content_area_spacing":"both","background":{"background_type":"color","background_pattern":"type-1","background_image":{"attachment_id":null,"x":0,"y":0},"gradient":"linear-gradient(135deg,rgba(6,147,227,1) 0%,rgb(155,81,224) 100%)","background_repeat":"repeat","background_size":"auto","background_attachment":"scroll","patternColor":{"default":{"color":"#e5e7ea"}},"overlayColor":{"default":{"color":"CT_CSS_SKIP_RULE"}},"backgroundColor":{"default":{"color":"CT_CSS_SKIP_RULE"}}},"content_background":{"background_type":"color","background_pattern":"type-1","background_image":{"attachment_id":null,"x":0,"y":0},"gradient":"linear-gradient(135deg,rgba(6,147,227,1) 0%,rgb(155,81,224) 100%)","background_repeat":"repeat","background_size":"auto","background_attachment":"scroll","patternColor":{"default":{"color":"#e5e7ea"}},"overlayColor":{"default":{"color":"CT_CSS_SKIP_RULE"}},"backgroundColor":{"default":{"color":"var(--theme-palette-color-8)"}}},"content_boxed_shadow":{"inherit":false,"blur":18,"spread":-6,"v_offset":12,"h_offset":0,"inset":false,"enable":true,"color":{"color":"rgba(34, 56, 101, 0.04)"}},"content_boxed_border":{"width":1,"style":"none","color":{"color":"rgba(44,62,80,0.2)"}},"content_boxed_radius":{"top":"3px","bottom":"3px","left":"3px","right":"3px","linked":true},"boxed_content_spacing":{"desktop":{"top":"40px","bottom":"40px","left":"40px","right":"40px","linked":true},"tablet":{"top":"35px","bottom":"35px","left":"35px","right":"35px","linked":true},"mobile":{"top":"20px","bottom":"20px","left":"20px","right":"20px","linked":true}},"ea08f175acd80ed7b6a9e5b3b3f854af":"","disable_featured_image":"no","disable_share_box":"no","disable_header":"no","disable_footer":"no"},"aioseo_notices":[],"_links":{"self":[{"href":"https:\/\/internationalproblems.rs\/sr-latn\/wp-json\/wp\/v2\/pages\/10","targetHints":{"allow":["GET"]}}],"collection":[{"href":"https:\/\/internationalproblems.rs\/sr-latn\/wp-json\/wp\/v2\/pages"}],"about":[{"href":"https:\/\/internationalproblems.rs\/sr-latn\/wp-json\/wp\/v2\/types\/page"}],"author":[{"embeddable":true,"href":"https:\/\/internationalproblems.rs\/sr-latn\/wp-json\/wp\/v2\/users\/1"}],"replies":[{"embeddable":true,"href":"https:\/\/internationalproblems.rs\/sr-latn\/wp-json\/wp\/v2\/comments?post=10"}],"version-history":[{"count":29,"href":"https:\/\/internationalproblems.rs\/sr-latn\/wp-json\/wp\/v2\/pages\/10\/revisions"}],"predecessor-version":[{"id":430,"href":"https:\/\/internationalproblems.rs\/sr-latn\/wp-json\/wp\/v2\/pages\/10\/revisions\/430"}],"wp:attachment":[{"href":"https:\/\/internationalproblems.rs\/sr-latn\/wp-json\/wp\/v2\/media?parent=10"}],"curies":[{"name":"wp","href":"https:\/\/api.w.org\/{rel}","templated":true}]}}