{"id":1181,"date":"2022-12-14T05:24:06","date_gmt":"2022-12-14T05:24:06","guid":{"rendered":"https:\/\/internationalproblems.rs\/?page_id=1181"},"modified":"2022-12-14T05:24:07","modified_gmt":"2022-12-14T05:24:07","slug":"otvoreni-pristup","status":"publish","type":"page","link":"https:\/\/internationalproblems.rs\/sr-latn\/otvoreni-pristup\/","title":{"rendered":"Otvoreni pristup"},"content":{"rendered":"\n<div id=\"wp-block-themeisle-blocks-advanced-columns-f50cf0f6\" class=\"wp-block-themeisle-blocks-advanced-columns has-1-columns has-desktop-equal-layout has-tablet-equal-layout has-mobile-equal-layout has-vertical-unset\"><div class=\"wp-block-themeisle-blocks-advanced-columns-overlay\"><\/div><div class=\"innerblocks-wrap\">\n<div id=\"wp-block-themeisle-blocks-advanced-column-4e1af044\" class=\"wp-block-themeisle-blocks-advanced-column\">\n<h2 class=\"has-text-align-center wp-block-heading\">POLITIKA OTVORENOG PRISTUPA<\/h2>\n\n\n\n<p class=\"im_para has-medium-font-size\">\u010casopis Me\u0111unarodni problemi\/<em>International Problems<\/em> je dostupan u skladu s principima otvorenog pristupa. Objavljuje se i u papirnom i u digitalnom obliku. \u010clanci mogu da budu preuzeti besplatno sa sajta i distribuirani za akademske i druge svrhe. \u010casopis se rukovodi <a href=\"https:\/\/www.budapestopenaccessinitiative.org\/boai10\/\">Budimpe\u0161tanskom deklaracijom o otvorenom pristupu<\/a> u kojoj se navodi:<\/p>\n\n\n\n<p class=\"im_para has-medium-font-size\"><strong><em>Pod \u201cotvorenim pristupom\u201d [recenziranoj nau\u010dnoj literaturi] podrazumeva se njena slobodna raspolo\u017eivost na javnom internetu, koja dozvoljava bilo kom korisniku da \u010dita, preuzme, kopira, distribuira, \u0161tampa, pretra\u017euje ili usmeri putem linka ka punom tekstu \u010dlanka, popisuje za potrebe indeksiranja, prosle\u0111uje u vidu podatka ka softveru, i koristi ih za bilo koju zakonitu svrhu, bez finansijskih, pravnih ili tehni\u010dkih prepreka osim onih koje su neodvojive od samog pristupa internetu. Jedino ograni\u010denje u pogledu reprodukcije i distribucije, i jedina uloga autorskih prava u ovom domenu, trebalo bi da bude davanje autorima kontrole u pogledu integriteta njihovog rada i prava da budu pravilno prepoznati i citirani.<\/em><\/strong><\/p>\n\n\n\n<p class=\"im_para has-medium-font-size\">\u010casopis omogu\u0107uje besplatan pristup svim svojim \u010dlancima, bez pretplate i bez ikakvih povezanih tro\u0161kova. Sadr\u017eaj \u010dasopisa objavljuje se bez odlaganja (bez tzv. perioda embarga) i materijali mogu biti kori\u0161\u0107eni bez tra\u017eenja posebne dozvole pod uslovom da se navodi referenca ka originalnom dokumentu.<\/p>\n<\/div>\n<\/div><\/div>\n","protected":false},"excerpt":{"rendered":"","protected":false},"author":1,"featured_media":0,"parent":0,"menu_order":0,"comment_status":"closed","ping_status":"closed","template":"","meta":{"_themeisle_gutenberg_block_has_review":false,"footnotes":""},"class_list":["post-1181","page","type-page","status-publish","hentry"],"blocksy_meta":{"styles_descriptor":{"styles":{"desktop":"","tablet":"","mobile":""},"google_fonts":[],"version":6}},"aioseo_notices":[],"_links":{"self":[{"href":"https:\/\/internationalproblems.rs\/sr-latn\/wp-json\/wp\/v2\/pages\/1181","targetHints":{"allow":["GET"]}}],"collection":[{"href":"https:\/\/internationalproblems.rs\/sr-latn\/wp-json\/wp\/v2\/pages"}],"about":[{"href":"https:\/\/internationalproblems.rs\/sr-latn\/wp-json\/wp\/v2\/types\/page"}],"author":[{"embeddable":true,"href":"https:\/\/internationalproblems.rs\/sr-latn\/wp-json\/wp\/v2\/users\/1"}],"replies":[{"embeddable":true,"href":"https:\/\/internationalproblems.rs\/sr-latn\/wp-json\/wp\/v2\/comments?post=1181"}],"version-history":[{"count":1,"href":"https:\/\/internationalproblems.rs\/sr-latn\/wp-json\/wp\/v2\/pages\/1181\/revisions"}],"predecessor-version":[{"id":1182,"href":"https:\/\/internationalproblems.rs\/sr-latn\/wp-json\/wp\/v2\/pages\/1181\/revisions\/1182"}],"wp:attachment":[{"href":"https:\/\/internationalproblems.rs\/sr-latn\/wp-json\/wp\/v2\/media?parent=1181"}],"curies":[{"name":"wp","href":"https:\/\/api.w.org\/{rel}","templated":true}]}}