{"id":1206,"date":"2022-12-14T08:19:52","date_gmt":"2022-12-14T08:19:52","guid":{"rendered":"https:\/\/internationalproblems.rs\/obaveze-autora\/"},"modified":"2025-01-22T18:49:43","modified_gmt":"2025-01-22T18:49:43","slug":"obaveze-autora","status":"publish","type":"page","link":"https:\/\/internationalproblems.rs\/sr-latn\/obaveze-autora\/","title":{"rendered":"Obaveze autora"},"content":{"rendered":"\n<div id=\"wp-block-themeisle-blocks-advanced-columns-452f6cf3\" class=\"wp-block-themeisle-blocks-advanced-columns has-1-columns has-desktop-equal-layout has-tablet-equal-layout has-mobile-equal-layout has-vertical-unset\"><div class=\"wp-block-themeisle-blocks-advanced-columns-overlay\"><\/div><div class=\"innerblocks-wrap\">\n<div id=\"wp-block-themeisle-blocks-advanced-column-83945702\" class=\"wp-block-themeisle-blocks-advanced-column\">\n<h2 class=\"wp-block-heading has-text-align-center\">OBAVEZE AUTORA<\/h2>\n\n\n\n<p class=\"im_para has-medium-font-size\">Autori garantuju da rukopis predstavlja njihov originalan doprinos, da nije objavljen ranije i da se ne razmatra za objavljivanje na drugom mestu. Predavanje istog rukopisa u vi\u0161e \u010dasopisa predstavlja kr\u0161enje eti\u010dkih standarda koji se odnose na nau\u010dnoistra\u017eiva\u010dki rad i takav rukopis se isklju\u010duje iz daljeg razmatranja.<\/p>\n\n\n\n<p class=\"im_para has-medium-font-size\">Autori tako\u0111e garantuju da nakon objavljivanja u \u010dasopisu&nbsp;<em>Me\u0111unarodni problemi&nbsp;<\/em>rukopis ne\u0107e biti objavljen u drugoj publikaciji na bilo kom jeziku bez saglasnosti Instituta za me\u0111unarodnu politiku i privredu kao nosioca autorskih prava. Tako\u0111e, rad koji je ve\u0107 objavljen u nekom drugom \u010dasopisu ne sme biti podnet za objavljivanje u&nbsp;<em>Me\u0111unarodnim problemima<\/em>.<\/p>\n\n\n\n<p class=\"im_para has-medium-font-size\">U slu\u010daju da je poslati rukopis rezultat nau\u010dnoistra\u017eiva\u010dkog projekta ili da je, u prethodnoj verziji, bio izlo\u017een na skupu u vidu usmenog saop\u0161tenja (pod istim ili sli\u010dnim naslovom), detaljniji podaci o projektu, konferenciji i sli\u010dno, navode se u fusnoti na samom po\u010detku teksta.<\/p>\n\n\n\n<p class=\"im_para has-medium-font-size\">Autori su du\u017eni da se pridr\u017eavaju eti\u010dkih standarda propisanih Kodeksom pona\u0161anja u nau\u010dnoistra\u017eiva\u010dkom radu (Nacionalni savet za nauku i tehnolo\u0161ki razvoj, 2018). Autori garantuju da rukopis ne sadr\u017ei neosnovane ili nezakonite tvrdnje i ne kr\u0161i prava drugih. Izdava\u010d ne\u0107e snositi nikakvu odgovornost u slu\u010daju ispostavljanja bilo kakvih zahteva za naknadu \u0161tete.<\/p>\n\n\n\n<h4 class=\"wp-block-heading has-text-align-center\"><em>Sadr\u017eaj rada<\/em><\/h4>\n\n\n\n<p class=\"im_para has-medium-font-size\">Rad treba da sadr\u017ei dovoljno detalja i referenci kako bi se recenzentima, a potom i \u010ditaocima omogu\u0107ilo da provere tvrdnje koje su u njemu iznesene. Namerno izno\u0161enje neta\u010dnih tvrdnji predstavlja kr\u0161enje eti\u010dkih standarda propisanih Kodeksom pona\u0161anja u nau\u010dnoistra\u017eiva\u010dkom radu. Prikazi knjiga i konferencija moraju da budu \u010dinjeni\u010dno ta\u010dni i nepristrasni.<\/p>\n\n\n\n<p class=\"im_para has-medium-font-size\">Autori snose svu odgovornost za sadr\u017eaj predatih rukopisa i du\u017eni su da, ako je to potrebno, pre njihovog objavljivanja pribave saglasnost svih lica ili institucija koje su neposredno u\u010destvovale u istra\u017eivanju koje je u rukopisu predstavljeno.<\/p>\n\n\n\n<p class=\"im_para has-medium-font-size\">Autori koji \u017eele da u rad uklju\u010de ilustracije, tabele ili druge materijale koji su ve\u0107 negde objavljeni obavezni su da za to pribave saglasnost nosilaca autorskih prava i da ih dostave uz rukopis, a ne naknadno. Materijal za koji takvi dokazi nisu dostavljeni smatra\u0107e se originalnim delom autora.<\/p>\n\n\n\n<h4 class=\"wp-block-heading has-text-align-center\"><em>Autorstvo<\/em><\/h4>\n\n\n\n<p class=\"im_para has-medium-font-size\">Autori su du\u017eni da kao autore navedu samo ona lica koja su su\u0161tinski doprinela sadr\u017eaju rukopisa, odnosno du\u017eni su da sva lica koja su su\u0161tinski doprinela sadr\u017eaju rukopisa navedu kao autore. Navo\u0111enje kao jednog od autora rukopisa lica koje nije u\u010destvovalo u izradi istra\u017eivanja sadr\u017eanog u rukopisu predstavlja kr\u0161enje eti\u010dkih standarda koji se odnose na nau\u010dnoistra\u017eiva\u010dki rad. Rukopisi sa vi\u0161e od dva autora ne\u0107e biti uzimani u razmatranje, osim izuzetno ukoliko se proceni da rukopis predstavlja rezultate opse\u017enog empirijskog istra\u017eivanja.<\/p>\n\n\n\n<p class=\"im_para has-medium-font-size\">Ako su u su\u0161tinskim aspektima nau\u010dnog istra\u017eivanja predstavljenog u rukopisu i\/ili u samoj pripremi rukopisa u\u010destvovale i druge osobe koje nisu autori, njihov doprinos mora da bude naveden u napomeni ili zahvalnici.<\/p>\n\n\n\n<h4 class=\"wp-block-heading has-text-align-center\"><em>Navo\u0111enje izvora<\/em><\/h4>\n\n\n\n<p class=\"im_para has-medium-font-size\">Autori su du\u017eni da ispravno navedu izvore koji su bitno uticali na istra\u017eivanje sadr\u017eano u rukopisu i na sam rukopis. Informacije koje su dobili u privatnom razgovoru ili korespondenciji sa tre\u0107im licima, prilikom recenziranja prijava projekata ili rukopisa i sli\u010dno, ne smeju se koristiti bez izri\u010dite pisane dozvole izvora.<\/p>\n\n\n\n<h4 class=\"wp-block-heading has-text-align-center\"><em>Recikliranje teksta<\/em><\/h4>\n\n\n\n<p class=\"im_para has-medium-font-size\">Recikliranje teksta, odnosno situacija u kojoj isti autor upotrebl\u0458ava istovetne delove svog teksta u dva ili vi\u0161e svojih objavl\u0458enih radova, predstavlja kr\u0161enje eti\u010dkih standarda koji se odnose na nau\u010dnoistra\u017eiva\u010dki rad i izdava\u0161tvo.<\/p>\n\n\n\n<p class=\"im_para has-medium-font-size\">Glavni i odgovorni urednik procenjuje ukupan obim recikliranih delova teksta, zna\u010daj mesta gde se oni pojavl\u0458uju u rukopisu (da li su deo uvoda, odel\u0458ka o primenjenoj metodologiji, diskusije tj. glavnog dela \u010dlanka ili zakl\u0458u\u010dka), da li je naveden prethodni izvor recikliranog teksta i da li postoji povreda autorskih prava.<\/p>\n\n\n\n<p class=\"im_para has-medium-font-size\">Ukoliko je utvr\u0111eno postojanje podudaranja teksta manjeg obima, od autora se mo\u017ee zatra\u017eiti da ponovo napi\u0161e sporan deo teksta i da navede prethodno objavl\u0458en izvor iz kojeg je taj deo teksta preuzet \u2013 ako to ve\u0107 nije u\u010dinio. Autor ne mo\u017ee da opravda recikliranje teksta samo na osnovu \u010dinjenice da je naveo izvor iz kojeg je preuzeo taj deo teksta. Podudaranje delova teksta u zna\u010dajnom obimu predstavlja osnov za odbijanje rukopisa. Prilikom postupanja u slu\u010dajevima recikliranja teksta glavni i odgovorni urednik i Ure\u0111iva\u010dki odbor rukovode se smernicama i preporukama Odbora za etiku u izdava\u0161tvu (<a href=\"https:\/\/publicationethics.org\/files\/Web_A29298_COPE_Text_Recycling.pdf\" title=\"\"><em>Committee on Publication Ethics <\/em>\u2013 COPE<\/a>).<\/p>\n\n\n\n<h4 class=\"wp-block-heading has-text-align-center\"><em>Sukob interesa<\/em><\/h4>\n\n\n\n<p class=\"im_para has-medium-font-size\">Autori su du\u017eni da u radu uka\u017eu na finansijske ili bilo koje druge sukobe interesa koji bi mogli da uti\u010du na iznesene rezultate i interpretacije.<\/p>\n\n\n\n<h4 class=\"wp-block-heading has-text-align-center\">\u017dalbe<\/h4>\n\n\n\n<p class=\"im_para has-medium-font-size\">U slu\u010daju \u017ealbi, Redakcija \u0107e se pridr\u017eavati smernica i preporuka koje je izdao Odbor za etiku u izdava\u0161tvu ( <em>Committee on Publication Ethics\u00a0<\/em>\u2013 COPE ).<\/p>\n\n\n\n<h4 class=\"wp-block-heading has-text-align-center\"><em>Gre\u0161ke u objavljenim radovima<\/em><\/h4>\n\n\n\n<p class=\"im_para has-medium-font-size\">U slu\u010daju da autori otkriju va\u017enu gre\u0161ku u svom radu nakon njegovog objavljivanja, du\u017eni su da momentalno o tome obaveste urednika ili izdava\u010da i da sa njima sara\u0111uju kako bi se rad povukao ili ispravio.<\/p>\n\n\n\n<p class=\"im_para has-medium-font-size\">Predavanjem rukopisa redakciji&nbsp;<em>Me\u0111unarodnih problema<\/em>&nbsp;autori se obavezuju na po\u0161tovanje navedenih obaveza.<\/p>\n\n\n\n<p><\/p>\n\n\n\n<p><\/p>\n<\/div>\n<\/div><\/div>\n","protected":false},"excerpt":{"rendered":"","protected":false},"author":1,"featured_media":0,"parent":0,"menu_order":0,"comment_status":"closed","ping_status":"closed","template":"","meta":{"_themeisle_gutenberg_block_has_review":false,"footnotes":""},"class_list":["post-1206","page","type-page","status-publish","hentry"],"blocksy_meta":{"styles_descriptor":{"styles":{"desktop":"","tablet":"","mobile":""},"google_fonts":[],"version":6}},"aioseo_notices":[],"_links":{"self":[{"href":"https:\/\/internationalproblems.rs\/sr-latn\/wp-json\/wp\/v2\/pages\/1206","targetHints":{"allow":["GET"]}}],"collection":[{"href":"https:\/\/internationalproblems.rs\/sr-latn\/wp-json\/wp\/v2\/pages"}],"about":[{"href":"https:\/\/internationalproblems.rs\/sr-latn\/wp-json\/wp\/v2\/types\/page"}],"author":[{"embeddable":true,"href":"https:\/\/internationalproblems.rs\/sr-latn\/wp-json\/wp\/v2\/users\/1"}],"replies":[{"embeddable":true,"href":"https:\/\/internationalproblems.rs\/sr-latn\/wp-json\/wp\/v2\/comments?post=1206"}],"version-history":[{"count":5,"href":"https:\/\/internationalproblems.rs\/sr-latn\/wp-json\/wp\/v2\/pages\/1206\/revisions"}],"predecessor-version":[{"id":1863,"href":"https:\/\/internationalproblems.rs\/sr-latn\/wp-json\/wp\/v2\/pages\/1206\/revisions\/1863"}],"wp:attachment":[{"href":"https:\/\/internationalproblems.rs\/sr-latn\/wp-json\/wp\/v2\/media?parent=1206"}],"curies":[{"name":"wp","href":"https:\/\/api.w.org\/{rel}","templated":true}]}}