{"id":1213,"date":"2022-12-14T08:48:48","date_gmt":"2022-12-14T08:48:48","guid":{"rendered":"https:\/\/internationalproblems.rs\/?page_id=1213"},"modified":"2023-02-28T22:26:48","modified_gmt":"2023-02-28T22:26:48","slug":"autorska-prava-i-licenca","status":"publish","type":"page","link":"https:\/\/internationalproblems.rs\/sr-latn\/autorska-prava-i-licenca\/","title":{"rendered":"Autorska prava i licenca"},"content":{"rendered":"\n<div id=\"wp-block-themeisle-blocks-advanced-columns-55304191\" class=\"wp-block-themeisle-blocks-advanced-columns has-1-columns has-desktop-equal-layout has-tablet-equal-layout has-mobile-equal-layout has-vertical-unset\"><div class=\"wp-block-themeisle-blocks-advanced-columns-overlay\"><\/div><div class=\"innerblocks-wrap\">\n<div id=\"wp-block-themeisle-blocks-advanced-column-c534a185\" class=\"wp-block-themeisle-blocks-advanced-column\">\n<h2 class=\"has-text-align-center wp-block-heading\"><strong>AUTORSKA PRAVA<\/strong><\/h2>\n\n\n\n<p class=\"im_para has-medium-font-size\">\u010clanci objavljeni u <em>Me\u0111unarodnim problemima<\/em>\/<em>International Problems<\/em> bi\u0107e diseminovani u skladu s dozvolom <a href=\"https:\/\/creativecommons.org\/licenses\/by-sa\/4.0\/\">Creative Commons Attribution-ShareAlike 4.0 International<\/a> (CC BY-SA 4.0) \/ (Creative Commons Deliti pod istim uslovima 4.0 Me\u0111unarodna), koja dozvoljava deljenje \u2013 kopiranje i ponovnu distribuciju u bilo kom obliku ili mediju \u2013 i prilago\u0111avanje \u2013 prera\u0111ivanje, menjanje ili nadgradnju za bilo koju svrhu, \u010dak i komercijalnu, pod uslovima: da je originalno autorstvo adekvatno navedeno, da je pru\u017een link ka dozvoli, da je navedeno da li su izvr\u0161ene izmene i ukoliko se novi rad diseminuje pod identi\u010dnom dozvolom kao i originalni rad. Korisnici moraju da navedu detaljne informacije o originalnom radu, uklju\u010duju\u0107i ime(na) autora, naslov objavljenog istra\u017eivanja, puno ime \u010casopisa, tom, izdanje, opseg strana i DOI. U elektronskom objavljivanju, od korisnika se zahteva da navedu link-ove ka sadr\u017eaju originalnog rada u \u010casopisu, kao i dozvoli pod kojom je objavljen. Autor(i) mogu da preduzimaju zasebne dodatne ugovorne aran\u017emane za neekskluzivnu distribuciju rada objavljenog u \u010casopisu (npr. postavljanje u institucionalni repozitorijum ili objavljivanje u knjizi), uz adekvatno navo\u0111enje da je rad inicijalno objavljen u \u010dasopisu <em>Me\u0111unarodni problemi<\/em>\/<em>International Problems<\/em>.<\/p>\n\n\n\n<p class=\"im_Para has-medium-font-size\">Autori potpisuju <em>Ugovor o licenci<\/em> kojim se ure\u0111uje ovaj domen. Primerak ovog dokumenta dostupan je na stranici: <a href=\"https:\/\/internationalproblems.rs\">http:\/\/www.internationalproblems.rs<\/a>.&nbsp;&nbsp;<\/p>\n\n\n\n<p class=\"im_para has-medium-font-size\">Autor(i) garantuju da rukopis predstavlja njihovo originalno delo koje nije ranije objavljivano; da nije u procesu razmatranja za objavljivanje negde drugde; da je objavljivanje odobreno od strane svih (ko)autora, kao i implicitno ili eksplicitno od strane ustanove gde je istra\u017eiva\u010dki rad sproveden.<\/p>\n\n\n\n<p class=\"im_para has-medium-font-size\">Autor(i) potvr\u0111uju da \u010dlanak ne sadr\u017ei neosnovane ili nezakonite izjave i ne kr\u0161i prava drugih. Autor(i) tako\u0111e potvr\u0111uju da nisu u sukobu interesa koji mo\u017ee da uti\u010de na integritet Rukopisa i na validnost zaklju\u010daka koji su u njemu predstavljeni. U slu\u010daju uklju\u010divanja radova koji podle\u017eu autorskim pravima, odgovornost je autora da dobiju pisanu dozvolu od strane vlasnika autorskih prava. Odgovorni autor (potpisnik) jem\u010di da ima puna ovla\u0161\u0107enja za tu svrhu u ime drugih autora. Ukoliko autor(i) koriste bilo kakve li\u010dne podatke istra\u017eivanih subjekata ili drugih pojedinaca, potvr\u0111uju da su za tu svrhu dobili sva zakonska odobrenja i da su saglasni  sa politikama \u010casopisa koja se ti\u010de upotrebe takvih prikaza, li\u010dnih informacija i sl.<\/p>\n\n\n\n<p class=\"im_para has-medium-font-size\">\u010casopis dozvoljava autor(ima) da pohrane od\u0161tampanu verziju (prihva\u0107enu verziju) Rukopisa u institucionalni repozitorijum i druge repozitorijume, kao i da je objave na autorovom li\u010dnom sajtu ili profilima poput npr. ResearchGate, Academia.edu i drugih, u bilo kom trenutku nakon objavljivanja, uz navo\u0111enje izvora, linka ka DOI \u010dlanka i po\u0161tovanje prethodno navedenih stavki.<\/p>\n\n\n\n<p class=\"im_para has-medium-font-size\">Po dobijanju lektorisane verzije rukopisa, autor(i) se sla\u017eu da je u najkra\u0107em roku pa\u017eljivo pro\u010ditaju, skrenu pa\u017enju \u010casopisu na bilo kakvu tipografsku gre\u0161ku i odobre objavljivanje korigovane lektorisane verzije. Odgovorni autor se sla\u017ee da informi\u0161e druge (ko)autore o gore navedenim uslovima.<\/p>\n<\/div>\n<\/div><\/div>\n","protected":false},"excerpt":{"rendered":"","protected":false},"author":1,"featured_media":0,"parent":0,"menu_order":0,"comment_status":"closed","ping_status":"closed","template":"","meta":{"_themeisle_gutenberg_block_has_review":false,"footnotes":""},"class_list":["post-1213","page","type-page","status-publish","hentry"],"blocksy_meta":{"styles_descriptor":{"styles":{"desktop":"","tablet":"","mobile":""},"google_fonts":[],"version":6}},"aioseo_notices":[],"_links":{"self":[{"href":"https:\/\/internationalproblems.rs\/sr-latn\/wp-json\/wp\/v2\/pages\/1213","targetHints":{"allow":["GET"]}}],"collection":[{"href":"https:\/\/internationalproblems.rs\/sr-latn\/wp-json\/wp\/v2\/pages"}],"about":[{"href":"https:\/\/internationalproblems.rs\/sr-latn\/wp-json\/wp\/v2\/types\/page"}],"author":[{"embeddable":true,"href":"https:\/\/internationalproblems.rs\/sr-latn\/wp-json\/wp\/v2\/users\/1"}],"replies":[{"embeddable":true,"href":"https:\/\/internationalproblems.rs\/sr-latn\/wp-json\/wp\/v2\/comments?post=1213"}],"version-history":[{"count":4,"href":"https:\/\/internationalproblems.rs\/sr-latn\/wp-json\/wp\/v2\/pages\/1213\/revisions"}],"predecessor-version":[{"id":1561,"href":"https:\/\/internationalproblems.rs\/sr-latn\/wp-json\/wp\/v2\/pages\/1213\/revisions\/1561"}],"wp:attachment":[{"href":"https:\/\/internationalproblems.rs\/sr-latn\/wp-json\/wp\/v2\/media?parent=1213"}],"curies":[{"name":"wp","href":"https:\/\/api.w.org\/{rel}","templated":true}]}}