{"id":1920,"date":"2025-07-06T11:12:06","date_gmt":"2025-07-06T11:12:06","guid":{"rendered":"https:\/\/internationalproblems.rs\/?page_id=1920"},"modified":"2025-07-06T11:12:07","modified_gmt":"2025-07-06T11:12:07","slug":"arhiviranje","status":"publish","type":"page","link":"https:\/\/internationalproblems.rs\/sr-latn\/arhiviranje\/","title":{"rendered":"Arhiviranje"},"content":{"rendered":"\n<p class=\"has-medium-font-size\">Arhiviranje se vr\u0161i od strane <a href=\"https:\/\/nb.rs\/\" title=\"\">Narodne biblioteke Srbije<\/a> (NBS).<\/p>\n\n\n\n<p class=\"has-medium-font-size\">NBS arhivira i papirne i digitalne verzije \u010dasopisa, u cilju njihovog dugoro\u010dnog o\u010duvanja.<\/p>\n\n\n\n<p><\/p>\n","protected":false},"excerpt":{"rendered":"<p>Arhiviranje se vr\u0161i od strane Narodne biblioteke Srbije (NBS). NBS arhivira i papirne i digitalne verzije \u010dasopisa, u cilju njihovog dugoro\u010dnog o\u010duvanja.<\/p>\n","protected":false},"author":1,"featured_media":0,"parent":0,"menu_order":0,"comment_status":"closed","ping_status":"closed","template":"","meta":{"_themeisle_gutenberg_block_has_review":false,"footnotes":""},"class_list":["post-1920","page","type-page","status-publish","hentry"],"blocksy_meta":[],"aioseo_notices":[],"_links":{"self":[{"href":"https:\/\/internationalproblems.rs\/sr-latn\/wp-json\/wp\/v2\/pages\/1920","targetHints":{"allow":["GET"]}}],"collection":[{"href":"https:\/\/internationalproblems.rs\/sr-latn\/wp-json\/wp\/v2\/pages"}],"about":[{"href":"https:\/\/internationalproblems.rs\/sr-latn\/wp-json\/wp\/v2\/types\/page"}],"author":[{"embeddable":true,"href":"https:\/\/internationalproblems.rs\/sr-latn\/wp-json\/wp\/v2\/users\/1"}],"replies":[{"embeddable":true,"href":"https:\/\/internationalproblems.rs\/sr-latn\/wp-json\/wp\/v2\/comments?post=1920"}],"version-history":[{"count":1,"href":"https:\/\/internationalproblems.rs\/sr-latn\/wp-json\/wp\/v2\/pages\/1920\/revisions"}],"predecessor-version":[{"id":1921,"href":"https:\/\/internationalproblems.rs\/sr-latn\/wp-json\/wp\/v2\/pages\/1920\/revisions\/1921"}],"wp:attachment":[{"href":"https:\/\/internationalproblems.rs\/sr-latn\/wp-json\/wp\/v2\/media?parent=1920"}],"curies":[{"name":"wp","href":"https:\/\/api.w.org\/{rel}","templated":true}]}}