{"id":1954,"date":"2025-07-20T07:42:57","date_gmt":"2025-07-20T07:42:57","guid":{"rendered":"https:\/\/internationalproblems.rs\/?page_id=1954"},"modified":"2025-12-14T15:36:00","modified_gmt":"2025-12-14T15:36:00","slug":"statistika","status":"publish","type":"page","link":"https:\/\/internationalproblems.rs\/sr-latn\/statistika\/","title":{"rendered":"Statistika"},"content":{"rendered":"\n<p class=\"has-large-font-size\"><strong>Statistika \u010dasopisa<\/strong><\/p>\n\n\n\n<section class=\"ip-tables\">\n  <style>\n    .ip-table-wrap{margin:1.5rem 0;border:1px solid #e3e7ee;border-radius:10px;overflow:hidden}\n    .ip-title{margin:0;padding:.9rem 1rem;background:#f3f6fb;font-weight:700;letter-spacing:.3px}\n    .rtable-wrapper{overflow-x:auto;-webkit-overflow-scrolling:touch}\n    .rtable{width:100%;border-collapse:collapse;background:#fff}\n    .rtable caption{caption-side:top;text-align:left;padding:1rem 1rem .4rem;font-weight:700}\n    .rtable th,.rtable td{border:1px solid #dde3ea;padding:.55rem .8rem;vertical-align:top}\n    .rtable thead th{background:#f7f9fc;font-weight:700;white-space:nowrap}\n    .rtable tfoot td{font-weight:700;background:#fbfcfe}\n    .ip-notes{font-size:.9rem;line-height:1.35;margin:.4rem 1rem 1rem;color:#5a6677\n}\n\n    \/* Mobile stacked layout *\/\n    @media (max-width: 640px){\n      .rtable thead{display:none}\n      .rtable,.rtable tbody,.rtable tr,.rtable td,.rtable tfoot{display:block;width:100%}\n      .rtable tr{border-top:1px solid #e8edf3;margin:.75rem 0;background:#fff;border-radius:8px;overflow:hidden}\n      .rtable td{border:none;border-bottom:1px dashed #e8edf3;padding:.7rem .8rem .7rem 50%;position:relative;min-height:2.2rem}\n      .rtable td:last-child{border-bottom:none}\n      .rtable td::before{\n        content:attr(data-label);\n        position:absolute;left:.8rem;top:.7rem;width:45%;font-weight:600;color:#364152\n      }\n      .rtable tfoot{margin-top:.5rem;border-top:2px solid #dbe3ee}\n      .rtable tfoot td{border:none;padding:.8rem}\n    }\n  <\/style>\n\n  <!-- Naslov -->\n  <div class=\"ip-table-wrap\">\n    <div class=\"ip-title\">PREGLED NAU\u010cNIH RADOVA PO DR\u017dAVAMA (2023\u20132025)<\/div>\n  <\/div>\n\n  <!-- 2025 -->\n  <div class=\"ip-table-wrap\">\n    <div class=\"rtable-wrapper\">\n      <table class=\"rtable\" aria-label=\"Kombinovani podaci za prva tri broja iz 2025. godine\">\n        <caption>Kombinovani podaci za <strong>2025.<\/strong> godine<\/caption>\n        <thead>\n          <tr>\n            <th scope=\"col\">DR\u017dAVA<\/th>\n            <th scope=\"col\">BROJ RADOVA<\/th>\n            <th scope=\"col\">RADOVI KOJI UKLJU\u010cUJU ISTRA\u017dIVA\u010cE IMPP<\/th>\n            <th scope=\"col\">OSTALE INSTITUCIJE<\/th>\n            <th scope=\"col\">DRUGO<\/th>\n          <\/tr>\n        <\/thead>\n        <tbody>\n          <tr>\n            <td data-label=\"DR\u017dAVA\">Srbija<\/td>\n            <td data-label=\"Broj RADOVA\">12<\/td>\n            <td data-label=\"Radovi koji uklju\u010duju istra\u017eiva\u010de IMPP\">4<\/td>\n            <td data-label=\"Ostale institucije\">8<\/td>\n            <td data-label=\"DRUGO\">uklju\u010duju\u0107i koautorske<\/td>\n          <\/tr>\n          <tr>\n            <td data-label=\"DR\u017dAVA\">Kanada<\/td>\n            <td data-label=\"Broj RADOVA\">1<\/td>\n            <td data-label=\"Radovi koji uklju\u010duju istra\u017eiva\u010de IMPP\">\/<\/td>\n            <td data-label=\"Ostale institucije\">\/<\/td>\n            <td data-label=\"DRUGO\">\/<\/td>\n          <\/tr>\n                    <tr>\n            <td data-label=\"DR\u017dAVA\">Japan<\/td>\n            <td data-label=\"Broj RADOVA\">1<\/td>\n            <td data-label=\"Radovi koji Uklju\u010duju istra\u017eiva\u010de IMPP\">\/<\/td>\n            <td data-label=\"Ostale institucije\">\/<\/td>\n            <td data-label=\"DRUGO\">koautorski<\/td>\n          <\/tr>\n          <tr>\n            <td data-label=\"DR\u017dAVA\">Kina<\/td>\n            <td data-label=\"Broj RADOVA\">1<\/td>\n            <td data-label=\"Radovi koji uklju\u010duju istra\u017eiva\u010de IMPP\">\/<\/td>\n            <td data-label=\"Ostale institucije\">\/<\/td>\n            <td data-label=\"DRUGO\">koautorski<\/td>\n          <\/tr>\n            <td data-label=\"DR\u017dAVA\">Crna Gora<\/td>\n            <td data-label=\"Broj RADOVA\">1<\/td>\n            <td data-label=\"Radovi koji uklju\u010duju istra\u017eiva\u010de IMPP\">\/<\/td>\n            <td data-label=\"Ostale institucije\">\/<\/td>\n            <td data-label=\"DRUGO\">\/<\/td>\n          <\/tr>\n          <tr>\n            <td data-label=\"DR\u017dAVA\">Italija<\/td>\n            <td data-label=\"Broj RADOVA\">1<\/td>\n            <td data-label=\"Radovi koji uklju\u010duju istra\u017eiva\u010de IMPP\">\/<\/td>\n            <td data-label=\"Ostale institucije\">\/<\/td>\n            <td data-label=\"DRUGO\">\/<\/td>\n          <\/tr>\n                <tr>\n            <td data-label=\"DR\u017dAVA\">Rusija<\/td>\n            <td data-label=\"Broj RADOVA\">1<\/td>\n            <td data-label=\"Radovi koji uklju\u010duju istra\u017eiva\u010de IMPP\">\/<\/td>\n            <td data-label=\"Ostale institucije\">\/<\/td>\n            <td data-label=\"DRUGO\">koautorski<\/td>\n          <\/tr>\n          <tr>\n            <td data-label=\"DR\u017dAVA\">Francuska<\/td>\n            <td data-label=\"Broj RADOVA\">1<\/td>\n            <td data-label=\"Radovi koji uklju\u010duju istra\u017eiva\u010de IMPP\">\/<\/td>\n            <td data-label=\"Ostale institucije\">\/<\/td>\n            <td data-label=\"DRUGO\">koautorski, dvojna afiliacija<\/td>\n          <\/tr>\n        <\/tbody>\n        <tfoot>\n          <tr>\n            <td data-label=\"DR\u017dAVA\"><strong>UKUPNO<\/strong><\/td>\n            <td data-label=\"Broj RADOVA\">16<\/td>\n            <td data-label=\"Radovi koji uklju\u010duju istra\u017eiva\u010de IMPP\">4 (25%) \u2013 1 rad po broju *<\/td>\n            <td data-label=\"Ostale institucije\">12 (75%) **<\/td>\n            <td data-label=\"DRUGO\">\/<\/td>\n          <\/tr>\n        <\/tfoot>\n      <\/table>\n    <\/div>\n    <div class=\"ip-notes\">\n      * tako\u0111e, 25% od svih koautorskih radova<br>\n      ** uklju\u010duju\u0107i nacionalne i internacionalne institucije\n    <\/div>\n  <\/div>\n\n  <!-- 2024 -->\n  <div class=\"ip-table-wrap\">\n    <div class=\"rtable-wrapper\">\n      <table class=\"rtable\" aria-label=\"Kombinovani podaci za 2024. godinu\">\n        <caption>Kombinovani podaci za <strong>2024.<\/strong> godinu<\/caption>\n        <thead>\n          <tr>\n            <th scope=\"col\">DR\u017dAVA<\/th>\n            <th scope=\"col\">BROJ RADOVA<\/th>\n            <th scope=\"col\">RADOVI KOJI UKLJU\u010cUJU ISTRA\u017dIVA\u010cE IMPP<\/th>\n            <th scope=\"col\">OSTALE INSTITUCIJE<\/th>\n            <th scope=\"col\">DRUGO<\/th>\n          <\/tr>\n        <\/thead>\n        <tbody>\n          <tr>\n            <td data-label=\"DR\u017dAVA\">Srbija<\/td>\n            <td data-label=\"Broj RADOVA\">17<\/td>\n            <td data-label=\"Radovi koji uklju\u010duju istra\u017eiva\u010de IMPP\">3<\/td>\n            <td data-label=\"Ostale institucije\">14<\/td>\n            <td data-label=\"DRUGO\">7 radova uklju\u010duje tematski broj Fakulteta politi\u010dkih nauka (3\/2024) i njihove istra\u017eiva\u010de<\/td>\n          <\/tr>\n          <tr>\n            <td data-label=\"DR\u017dAVA\">Bosna i Hercegovina<\/td>\n            <td data-label=\"Broj RADOVA\">2<\/td>\n            <td data-label=\"Radovi koji uklju\u010duju istra\u017eiva\u010de IMPP\">\/<\/td>\n            <td data-label=\"Ostale institucije\">\/<\/td>\n            <td data-label=\"DRUGO\">3 koautora<\/td>\n          <\/tr>\n          <tr>\n            <td data-label=\"DR\u017dAVA\">Gr\u010dka<\/td>\n            <td data-label=\"Broj RADOVA\">1<\/td>\n            <td data-label=\"Radovi koji uklju\u010duju istra\u017eiva\u010de IMPP\">\/<\/td>\n            <td data-label=\"Ostale institucije\">\/<\/td>\n            <td data-label=\"DRUGO\">\/<\/td>\n          <\/tr>\n          <tr>\n            <td data-label=\"DR\u017dAVA\">Novi Zeland<\/td>\n            <td data-label=\"Broj RADOVA\">1<\/td>\n            <td data-label=\"Radovi koji uklju\u010duju istra\u017eiva\u010de IMPP\">\/<\/td>\n            <td data-label=\"Ostale institucije\">\/<\/td>\n            <td data-label=\"DRUGO\">\/<\/td>\n          <\/tr>\n        <\/tbody>\n        <tfoot>\n          <tr>\n            <td data-label=\"DR\u017dAVA\"><strong>UKUPNO<\/strong><\/td>\n            <td data-label=\"Broj RADOVA\">21<\/td>\n            <td data-label=\"Radovi koji uklju\u010duju istra\u017eiva\u010de IMPP\">3 (14%) \u2013 manje od jednog rada po broju *<\/td>\n            <td data-label=\"Ostale institucije\">18 (86%) **<\/td>\n            <td data-label=\"DRUGO\">\/<\/td>\n          <\/tr>\n        <\/tfoot>\n      <\/table>\n    <\/div>\n    <div class=\"ip-notes\">\n      * od ukupno 30 koautora, 3 su bili istra\u017eiva\u010di IMPP \u2013 10%<br>\n      ** uklju\u010duju\u0107i nacionalne i internacionalne institucije\n    <\/div>\n  <\/div>\n\n  <!-- 2023 -->\n  <div class=\"ip-table-wrap\">\n    <div class=\"rtable-wrapper\">\n      <table class=\"rtable\" aria-label=\"Kombinovani podaci za 2023. godinu\">\n        <caption>Kombinovani podaci za <strong>2023.<\/strong> godinu<\/caption>\n        <thead>\n          <tr>\n            <th scope=\"col\">DR\u017dAVA<\/th>\n            <th scope=\"col\">BROJ RADOVA<\/th>\n            <th scope=\"col\">RADOVI KOJI UKLJU\u010cUJU ISTRA\u017dIVA\u010cE IMPP<\/th>\n            <th scope=\"col\">OSTALE INSTITUCIJE<\/th>\n            <th scope=\"col\">DRUGO<\/th>\n          <\/tr>\n        <\/thead>\n        <tbody>\n          <tr>\n            <td data-label=\"DR\u017dAVA\">Srbija<\/td>\n            <td data-label=\"Broj RADOVA\">15<\/td>\n            <td data-label=\"Radovi koji uklju\u010duju istra\u017eiva\u010de IMPP\">7<\/td>\n            <td data-label=\"Ostale institucije\">8*<\/td>\n            <td data-label=\"DRUGO\">*7 uklju\u010duju istra\u017eiva\u010de IMPP; 6 uklju\u010duju tematski broj 4\/2023 Fakulteta bezbednosti; 5 uklju\u010duju tematski broj IMPP (spoljna politika)<\/td>\n          <\/tr>\n          <tr>\n            <td data-label=\"DR\u017dAVA\">Ma\u0111arska<\/td>\n            <td data-label=\"Broj RADOVA\">2<\/td>\n            <td data-label=\"Radovi koji uklju\u010duju istra\u017eiva\u010de IMPP\">\/<\/td>\n            <td data-label=\"Ostale institucije\">\/<\/td>\n            <td data-label=\"DRUGO\">\/<\/td>\n          <\/tr>\n          <tr>\n            <td data-label=\"DR\u017dAVA\">Turska<\/td>\n            <td data-label=\"Broj RADOVA\">1<\/td>\n            <td data-label=\"Radovi koji uklju\u010duju istra\u017eiva\u010de IMPP\">\/<\/td>\n            <td data-label=\"Ostale institucije\">\/<\/td>\n            <td data-label=\"DRUGO\">koautorski<\/td>\n          <\/tr>\n          <tr>\n            <td data-label=\"DR\u017dAVA\">Severna Makedonija<\/td>\n            <td data-label=\"Broj RADOVA\">1<\/td>\n            <td data-label=\"Radovi koji uklju\u010duju istra\u017eiva\u010de IMPP\">\/<\/td>\n            <td data-label=\"Ostale institucije\">\/<\/td>\n            <td data-label=\"DRUGO\">\/<\/td>\n          <\/tr>\n          <tr>\n            <td data-label=\"DR\u017dAVA\">SAD<\/td>\n            <td data-label=\"Broj RADOVA\">1<\/td>\n            <td data-label=\"Radovi koji uklju\u010duju istra\u017eiva\u010de IMPP\">\/<\/td>\n            <td data-label=\"Ostale institucije\">\/<\/td>\n            <td data-label=\"DRUGO\">\/<\/td>\n          <\/tr>\n        <\/tbody>\n        <tfoot>\n          <tr>\n            <td data-label=\"DR\u017dAVA\"><strong>UKUPNO<\/strong><\/td>\n            <td data-label=\"Broj RADOVA\">20<\/td>\n            <td data-label=\"Radovi koji uklju\u010duju istra\u017eiva\u010de IMPP\">7 (35%)*<\/td>\n            <td data-label=\"Ostale institucije\">65%<\/td>\n            <td data-label=\"DRUGO\">\/<\/td>\n          <\/tr>\n        <\/tfoot>\n      <\/table>\n    <\/div>\n    <div class=\"ip-notes\">\n      * svakako, od ukupno 31 koautora, manje od 26% (8) bili su istra\u017eiva\u010di IMPP\n    <\/div>\n  <\/div>\n<\/section>\n\n\n\n<p class=\"has-large-font-size\"><strong>Me\u0111unarodna relevantnost \u010casopisa<\/strong><\/p>\n\n\n\n<ul class=\"wp-block-list\">\n<li class=\"has-medium-font-size\">Hir\u0161ov impakt faktor za 5 godina (h IF5) \u2013 0,575 (me\u0111u tri najvi\u0161e rangirane nau\u010dne publikacije u Srbiji u u\u017eem domenu me\u0111unarodnih odnosa*);<\/li>\n\n\n\n<li class=\"has-medium-font-size\">Hir\u0161ov impakt faktor za 2 godine (h IF2) \u2013 0,535 (me\u0111u tri najvi\u0161e rangirane nau\u010dne publikacije u Srbiji u u\u017eem domenu me\u0111unarodnih odnosa*);<\/li>\n\n\n\n<li class=\"has-medium-font-size\">WoS\/Scopus IF5 (impakt faktor za 5 godina) \u2013 0,236 (me\u0111u pet najvi\u0161e rangiranih nau\u010dnih publikacija u Srbiji u u\u017eem domenu me\u0111unarodnih odnosa*).<\/li>\n\n\n\n<li class=\"has-medium-font-size\">ne ra\u010dunaju\u0107i oblast me\u0111unarodnog prava.<\/li>\n<\/ul>\n\n\n\n<p class=\"has-large-font-size\"><strong>Nacionalna relevantnost \u010casopisa<\/strong><\/p>\n\n\n\n<ul class=\"wp-block-list\">\n<li class=\"has-medium-font-size\">M23 kategorija (\u201eMe\u0111unarodni \u010dasopis\u201c) prema Ministarstvu nauke, tehnolo\u0161kog razvoja i inovacija Republike Srbije (2023, 2024), kao drugi na listi na nacionalnom nivou me\u0111u \u010dasopisima u oblastima prava i politikologije.<\/li>\n\n\n\n<li class=\"has-medium-font-size\">najvi\u0161e rangirani \u010dasopis na nacionalnom nivou u domenu me\u0111unarodnih odnosa koji objavljuje radove na srpskom jeziku.<\/li>\n<\/ul>\n\n\n\n<p class=\"has-large-font-size\"><strong>Statistika \u010casopisa<\/strong><\/p>\n\n\n\n<ul class=\"wp-block-list\">\n<li class=\"has-medium-font-size\">Prose\u010dno vreme od slanja do prihvatanja rukopisa za objavljivanje: 10 nedelja<\/li>\n\n\n\n<li class=\"has-medium-font-size\">Stopa prihvatanja: 39%<\/li>\n<\/ul>\n","protected":false},"excerpt":{"rendered":"<p>Statistika \u010dasopisa PREGLED NAU\u010cNIH RADOVA PO DR\u017dAVAMA (2023\u20132025) Kombinovani podaci za 2025. godine DR\u017dAVA BROJ RADOVA RADOVI KOJI UKLJU\u010cUJU ISTRA\u017dIVA\u010cE IMPP OSTALE INSTITUCIJE DRUGO Srbija 12 4 8 uklju\u010duju\u0107i koautorske Kanada 1 \/ \/ \/ Japan 1 \/ \/ koautorski Kina 1 \/ \/ koautorski Crna Gora 1 \/ \/ \/ Italija 1 \/ \/ [&hellip;]<\/p>\n","protected":false},"author":1,"featured_media":0,"parent":0,"menu_order":0,"comment_status":"closed","ping_status":"closed","template":"","meta":{"_themeisle_gutenberg_block_has_review":false,"footnotes":""},"class_list":["post-1954","page","type-page","status-publish","hentry"],"blocksy_meta":[],"aioseo_notices":[],"_links":{"self":[{"href":"https:\/\/internationalproblems.rs\/sr-latn\/wp-json\/wp\/v2\/pages\/1954","targetHints":{"allow":["GET"]}}],"collection":[{"href":"https:\/\/internationalproblems.rs\/sr-latn\/wp-json\/wp\/v2\/pages"}],"about":[{"href":"https:\/\/internationalproblems.rs\/sr-latn\/wp-json\/wp\/v2\/types\/page"}],"author":[{"embeddable":true,"href":"https:\/\/internationalproblems.rs\/sr-latn\/wp-json\/wp\/v2\/users\/1"}],"replies":[{"embeddable":true,"href":"https:\/\/internationalproblems.rs\/sr-latn\/wp-json\/wp\/v2\/comments?post=1954"}],"version-history":[{"count":11,"href":"https:\/\/internationalproblems.rs\/sr-latn\/wp-json\/wp\/v2\/pages\/1954\/revisions"}],"predecessor-version":[{"id":2174,"href":"https:\/\/internationalproblems.rs\/sr-latn\/wp-json\/wp\/v2\/pages\/1954\/revisions\/2174"}],"wp:attachment":[{"href":"https:\/\/internationalproblems.rs\/sr-latn\/wp-json\/wp\/v2\/media?parent=1954"}],"curies":[{"name":"wp","href":"https:\/\/api.w.org\/{rel}","templated":true}]}}