{"id":286,"date":"2022-10-16T16:41:31","date_gmt":"2022-10-16T16:41:31","guid":{"rendered":"https:\/\/internationalproblems.rs\/?page_id=286"},"modified":"2024-10-09T04:55:22","modified_gmt":"2024-10-09T04:55:22","slug":"kontakt","status":"publish","type":"page","link":"https:\/\/internationalproblems.rs\/sr-latn\/kontakt\/","title":{"rendered":"Kontakt"},"content":{"rendered":"\n<div class=\"wp-block-columns is-layout-flex wp-container-core-columns-is-layout-28f84493 wp-block-columns-is-layout-flex\">\n<div class=\"wp-block-column is-layout-flow wp-block-column-is-layout-flow\">\n<div class=\"wp-block-group imcard has-palette-color-8-background-color has-background is-layout-flow wp-block-group-is-layout-flow\">\n<h4 class=\"wp-block-heading\">Glavni i odgovorni urednik<\/h4>\n\n\n\n<p class=\"has-medium-font-size\"><strong>dr Milo\u0161 Petrovi\u0107<\/strong><\/p>\n<\/div>\n<\/div>\n\n\n\n<div class=\"wp-block-column is-layout-flow wp-block-column-is-layout-flow\">\n<div class=\"wp-block-group imcard has-palette-color-8-background-color has-background is-layout-flow wp-block-group-is-layout-flow\">\n<h4 class=\"wp-block-heading\">Zamenik glavnog i odgovornog urednika<\/h4>\n\n\n\n<p class=\"has-medium-font-size\"><strong>dr Ivona La\u0111evac<\/strong><\/p>\n<\/div>\n<\/div>\n<\/div>\n\n\n\n<div class=\"wp-block-columns is-layout-flex wp-container-core-columns-is-layout-28f84493 wp-block-columns-is-layout-flex\">\n<div class=\"wp-block-column is-layout-flow wp-block-column-is-layout-flow\">\n<div class=\"wp-block-group imcard has-palette-color-8-background-color has-background is-layout-flow wp-block-group-is-layout-flow\">\n<h4 class=\"wp-block-heading\">Sekretar<\/h4>\n\n\n\n<p class=\"has-medium-font-size\"><strong>Msr Milan Veselica<\/strong><\/p>\n<\/div>\n<\/div>\n\n\n\n<div class=\"wp-block-column is-layout-flow wp-block-column-is-layout-flow\">\n<div class=\"wp-block-group imcard has-palette-color-8-background-color has-background is-layout-flow wp-block-group-is-layout-flow\">\n<h4 class=\"wp-block-heading\">Kontakt<\/h4>\n\n\n\n<p class=\"has-medium-font-size\"><a href=\"mailto:ip@diplomacy.bg.ac.rs\">ip@diplomacy.bg.ac.rs<\/a><\/p>\n<\/div>\n<\/div>\n<\/div>\n\n\n\n<hr>\n\n\n\n<div class=\"wp-block-columns is-layout-flex wp-container-core-columns-is-layout-28f84493 wp-block-columns-is-layout-flex\">\n<div class=\"wp-block-column is-layout-flow wp-block-column-is-layout-flow\" style=\"flex-basis:33.33%\">\t<link href=\"https:\/\/internationalproblems.rs\/wp-content\/plugins\/impp\/css\/bootstrap.min.css\" rel=\"stylesheet\" \/>\r\n\t<link href=\"https:\/\/internationalproblems.rs\/wp-content\/plugins\/impp\/css\/font-awesome.min.css\" rel=\"stylesheet\" \/>\r\n\t<link href=\"https:\/\/internationalproblems.rs\/wp-content\/plugins\/impp\/plugins\/alertify\/css\/alertify.min.css\" rel=\"stylesheet\" \/>\r\n\r\n\t<script src=\"https:\/\/www.google.com\/recaptcha\/api.js\" async defer><\/script>\r\n\t<script src=\"https:\/\/code.jquery.com\/jquery-3.6.1.min.js\"><\/script>\r\n\t<script src=\"https:\/\/code.jquery.com\/ui\/1.13.2\/jquery-ui.min.js\"><\/script>\r\n\t<script src=\"https:\/\/internationalproblems.rs\/wp-content\/plugins\/impp\/plugins\/alertify\/alertify.min.js\"><\/script>\r\n\r\n\t<script>\r\n\t\t\r\n\t<\/script>\r\n\r\n\t<style>\r\n\t\t.required {\r\n\t\t\tcolor: red;\r\n\t\t}\r\n\t\t.contact {\r\n\t\t\tborder: 1px solid rgba(16,18,224,0.31);\r\n\t\t\tborder-radius: 8px 0px 0px 0px;\r\n\t\t\tpadding:12px;\r\n\t\t\t-webkit-box-shadow:  0 1rem 2rem rgba(0,0,0,.175) !important;\r\n\t\t\tbox-shadow:  0 1rem 2rem rgba(0,0,0,.175) !important;\r\n\t\t}\r\n\t<\/style>\r\n\r\n\t<div id=\"contact\" class=\"col contact\">\r\n\t\t\r\n\t\t<h4 class=\"text-primary\">Forma za kontakt<\/h4>\r\n\t\t<form name=\"kontaktforma\" method=\"post\" action=\"\">\r\n\t\t\t<input type=\"hidden\" id=\"contactnonce\" name=\"contactnonce\" value=\"b45c0f8091\" \/>\r\n\t\t\t<div class=\"form-group\">\r\n\t\t\t\t<label for=\"c_name\" class=\"control-label\">Ime<\/label> <span class=\"required\">*<\/span>\r\n\t\t\t\t<input class=\"form-control\" id=\"c_name\" name=\"c_name\" placeholder=\"Upi\u0161ite Va\u0161e ime\" value=\"\">\r\n\t\t\t<\/div>\r\n\t\t\t<div class=\"form-group\">\r\n\t\t\t\t<label for=\"c_email\" class=\"control-label\">Email<\/label> <span class=\"required\">*<\/span>\r\n\t\t\t\t<input class=\"form-control\" id=\"c_email\" name=\"c_email\" placeholder=\"Upi\u0161ite Va\u0161u email adresu\" value=\"\">\r\n\t\t\t<\/div>\r\n\t\t\t<div class=\"form-group\">\r\n\t\t\t\t<label for=\"c_subject\" class=\"control-label\">Predmet<\/label> <span class=\"required\">*<\/span>\r\n\t\t\t\t<input class=\"form-control\" id=\"c_subject\" name=\"c_subject\" placeholder=\"Upi\u0161ite predmet poruke\" value=\"\">\r\n\t\t\t<\/div>\r\n\t\t\t<div class=\"form-group\">\r\n\t\t\t\t<label for=\"c_message\" class=\"control-label\">Poruka<\/label> <span class=\"required\">*<\/span>\r\n\t\t\t\t<textarea class=\"form-control\" rows=\"5\" id=\"c_message\" name=\"c_message\" placeholder=\"Detalji poruke...\"><\/textarea>\r\n\t\t\t<\/div>\r\n\t\t\t<div class=\"form-group\">\r\n\t\t\t\t<p>\r\n\t\t\t\tVerifikujte <i class=\"fa fa-check\"><\/i> reCaptcha - \"Nisam robot\".\r\n\t\t\t\t<\/p>\r\n\t\t\t<\/div>\r\n\r\n\t\t\t<div class=\"form-group mt-1\">\r\n\t\t\t\t<div class=\"g-recaptcha\"\r\n\t\t\t\t\tdata-sitekey=\"6LcJLtQiAAAAABhNBOrLsUM86zNnPJ3JavL2wfkF\">\r\n\t\t\t\t<\/div>\r\n\t\t\t<\/div>\r\n\r\n\t\t\t<hr>\r\n\r\n\t\t\t<div class=\"form-group\">\r\n\t\t\t\t<div>\r\n\t\t\t\t\t<button type=\"submit\" id=\"cmdsend\" name=\"cmdsend-contact\" class=\"btn btn-primary\">\r\n\t\t\t\t\t\t<!--i class=\"fa fa-paper-plane-o fa-lg\"><\/i-->\r\n\t\t\t\t\t\tPo\u0161aljite poruku\r\n\t\t\t\t\t<\/button>\r\n\t\t\t\t\t<button type=\"reset\" class=\"btn btn-primary\">\r\n\t\t\t\t\t\t<!--i class=\"fa fa-trash-o fa-lg\"><\/i-->\r\n\t\t\t\t\t\tObri\u0161ite unos\r\n\t\t\t\t\t<\/button>\r\n\t\t\t\t\t<p id=\"poslata\"><\/p>\r\n\t\t\t\t<\/div>\r\n\t\t\t<\/div>\r\n\t\t<\/form>\r\n\t<\/div>\n<\/div>\n\n\n\n<div class=\"wp-block-column is-layout-flow wp-block-column-is-layout-flow\" style=\"flex-basis:66.66%\">\n<iframe src=\"https:\/\/www.google.com\/maps\/embed?pb=!1m18!1m12!1m3!1d2830.283333171566!2d20.46196211482337!3d44.815792184495194!2m3!1f0!2f0!3f0!3m2!1i1024!2i768!4f13.1!3m3!1m2!1s0x475a7ab19f586fd7%3A0x7cfed6c52646033b!2sMakedonska%2025%2C%20Beograd!5e0!3m2!1sen!2srs!4v1666643867763!5m2!1sen!2srs\" width=\"900\" height=\"400\" style=\"border:0;\" allowfullscreen=\"\" loading=\"lazy\" referrerpolicy=\"no-referrer-when-downgrade\"><\/iframe>\n<\/div>\n<\/div>\n","protected":false},"excerpt":{"rendered":"<p>Glavni i odgovorni urednik dr Milo\u0161 Petrovi\u0107 Zamenik glavnog i odgovornog urednika dr Ivona La\u0111evac Sekretar Msr Milan Veselica Kontakt ip@diplomacy.bg.ac.rs<\/p>\n","protected":false},"author":1,"featured_media":0,"parent":0,"menu_order":0,"comment_status":"closed","ping_status":"closed","template":"","meta":{"_themeisle_gutenberg_block_has_review":false,"footnotes":""},"class_list":["post-286","page","type-page","status-publish","hentry"],"blocksy_meta":{"styles_descriptor":{"styles":{"desktop":"","tablet":"","mobile":""},"google_fonts":[],"version":6}},"aioseo_notices":[],"_links":{"self":[{"href":"https:\/\/internationalproblems.rs\/sr-latn\/wp-json\/wp\/v2\/pages\/286","targetHints":{"allow":["GET"]}}],"collection":[{"href":"https:\/\/internationalproblems.rs\/sr-latn\/wp-json\/wp\/v2\/pages"}],"about":[{"href":"https:\/\/internationalproblems.rs\/sr-latn\/wp-json\/wp\/v2\/types\/page"}],"author":[{"embeddable":true,"href":"https:\/\/internationalproblems.rs\/sr-latn\/wp-json\/wp\/v2\/users\/1"}],"replies":[{"embeddable":true,"href":"https:\/\/internationalproblems.rs\/sr-latn\/wp-json\/wp\/v2\/comments?post=286"}],"version-history":[{"count":31,"href":"https:\/\/internationalproblems.rs\/sr-latn\/wp-json\/wp\/v2\/pages\/286\/revisions"}],"predecessor-version":[{"id":1761,"href":"https:\/\/internationalproblems.rs\/sr-latn\/wp-json\/wp\/v2\/pages\/286\/revisions\/1761"}],"wp:attachment":[{"href":"https:\/\/internationalproblems.rs\/sr-latn\/wp-json\/wp\/v2\/media?parent=286"}],"curies":[{"name":"wp","href":"https:\/\/api.w.org\/{rel}","templated":true}]}}