{"id":566,"date":"2022-11-06T18:15:54","date_gmt":"2022-11-06T18:15:54","guid":{"rendered":"https:\/\/internationalproblems.rs\/?page_id=566"},"modified":"2025-11-25T20:04:08","modified_gmt":"2025-11-25T20:04:08","slug":"uredivacki-odbor","status":"publish","type":"page","link":"https:\/\/internationalproblems.rs\/sr-latn\/uredivacki-odbor\/","title":{"rendered":"Ure\u0111iva\u010dki odbor"},"content":{"rendered":"\n<div id=\"wp-block-themeisle-blocks-advanced-columns-3bff87a9\" class=\"wp-block-themeisle-blocks-advanced-columns has-1-columns has-desktop-equal-layout has-tablet-equal-layout has-mobile-equal-layout has-vertical-unset\"><div class=\"wp-block-themeisle-blocks-advanced-columns-overlay\"><\/div><div class=\"innerblocks-wrap\">\n<div id=\"wp-block-themeisle-blocks-advanced-column-ddb3da0b\" class=\"wp-block-themeisle-blocks-advanced-column\"><\/div>\n<\/div><\/div>\n\n\n\n<h3 class=\"wp-block-heading\">URE\u0110IVA\u010cKI ODBOR<\/h3>\n\n\n\n<ul class=\"wp-block-list has-medium-font-size\">\n<li>Prof. dr Nikolaos CIFAKIS, redovni profesor, Odel\u0458enje za politi\u010dke nauke i me\u0111unarodne odnose, Univerzitet na Peloponezu<\/li>\n\n\n\n<li>Prof. dr Milenko PETROVI\u0106, vi\u0161i predava\u010d, Univerzitet Kenterberi, Krajs\u010der\u010d, Novi Zeland<\/li>\n\n\n\n<li>Prof. dr Sin \u010cEN, redovni profesor, Institut za evropske studije, Kineska akademija dru\u0161tvenih nauka, Peking, Kina<\/li>\n\n\n\n<li>Prof. dr Slobodan MILA\u010cI\u0106, redovni profesor, Univerzitet za pravo, politi\u010dke studije i ekonomiju, Bordo, Francuska<\/li>\n\n\n\n<li>Prof. dr Dejan GUZINA, redovni profesor, Univerzitet Vilfrid Lorier, Vaterlo, Kanada<\/li>\n\n\n\n<li>Prof. dr Toni MILESKI, redovni profesor, Univerzitet Sv. \u0106irilo i Metodije, Filozofski fakultet \u2013 Institut za bezbednost, odbranu i mir, Skopl\u0458e, Severna Makedonija<\/li>\n\n\n\n<li>Dr Mi\u0161a \u0110URKOVI\u0106, nau\u010dni savetnik, Institut za evropske studije, Beograd<\/li>\n\n\n\n<li>Dr Kristina GRISLER, nau\u010dni saradnik, Andra\u0161ijev Univerzitet, Budimpe\u0161ta, Ma\u0111arska<\/li>\n\n\n\n<li>Dr Adam Bence BALA\u017d, Istra\u017eiva\u010d\/Predava\u010d, Univerzitet Pasau, Pasau, Nema\u010dka<\/li>\n\n\n\n<li>Dr Ivana RADI\u0106 MILOSAVLjEVI\u0106, vanredni profesor, Fakultet politi\u010dkih nauka Univerziteta u Beogradu<\/li>\n\n\n\n<li>Prof. dr Branislav \u0110OR\u0110EVI\u0106, redovni profesor, Institut za me\u0111unarodnu politiku i privredu, Beograd<\/li>\n\n\n\n<li>Prof. dr Dragan \u0110UKANOVI\u0106, redovni profesor, Fakultet politi\u010dkih nauka Univerziteta u Beogradu<\/li>\n\n\n\n<li>Prof. dr Vanja ROKVI\u0106, vanredni profesor, Fakultet bezbednosti Univerziteta u Beogradu<\/li>\n\n\n\n<li>Prof. dr Bazil \u010cIZEVSKI, redovni profesor, Univerzitet za poslovnu ekonomiju, Poznanj, Pol\u0458ska<\/li>\n\n\n\n<li>Prof. dr Dejan MOLNAR, redovni profesor, Ekonomski fakultet Univerziteta u Beogradu<\/li>\n\n\n\n<li>Dr Vladimir AJZENHAMER, vanredni profesor, Fakultet bezbednosti Univerziteta u Beogradu<\/li>\n\n\n\n<li>Dr Ivana POPOVI\u0106-PETROVI\u0106, vanredni profesor, Ekonomski fakultet Univerziteta u Beogradu<\/li>\n\n\n\n<li>Dr Dejana Vukasovi\u0107, nau\u010dni savetnik, Institut dru\u0161tvenih nauka, Beograd<\/li>\n\n\n\n<li>Dr Sanja FILIPOVI\u0106, nau\u010dni savetnik, Institut dru\u0161tvenih nauka, Beograd<\/li>\n\n\n\n<li>Dr Milan IGRUTINOVI\u0106, nau\u010dni saradnik, Institut za evropske studije, Beograd<\/li>\n\n\n\n<li>Dr Du\u0161an PROROKOVI\u0106, vi\u0161i nau\u010dni saradnik, Institut za me\u0111unarodnu politiku i privredu, Beograd<\/li>\n\n\n\n<li>Dr Juri KULIN\u0458CEV, nau\u010dni saradnik, Institut za Kinu i savremenu Aziju, Ruska akademija nauka<\/li>\n\n\n\n<li>Dr Dejan VULETI\u0106, nau\u010dni saradnik, Institut za strategijska istra\u017eivanja, Beograd<\/li>\n\n\n\n<li>Dr Marina KOSTI\u0106 \u0160ULEJI\u0106, vi\u0161i nau\u010dni saradnik, Institut za me\u0111unarodnu politiku i privredu, Beograd<\/li>\n<\/ul>\n","protected":false},"excerpt":{"rendered":"<p>URE\u0110IVA\u010cKI ODBOR<\/p>\n","protected":false},"author":1,"featured_media":0,"parent":0,"menu_order":0,"comment_status":"closed","ping_status":"closed","template":"","meta":{"_themeisle_gutenberg_block_has_review":false,"footnotes":""},"class_list":["post-566","page","type-page","status-publish","hentry"],"blocksy_meta":{"styles_descriptor":{"styles":{"desktop":"","tablet":"","mobile":""},"google_fonts":[],"version":6}},"aioseo_notices":[],"_links":{"self":[{"href":"https:\/\/internationalproblems.rs\/sr-latn\/wp-json\/wp\/v2\/pages\/566","targetHints":{"allow":["GET"]}}],"collection":[{"href":"https:\/\/internationalproblems.rs\/sr-latn\/wp-json\/wp\/v2\/pages"}],"about":[{"href":"https:\/\/internationalproblems.rs\/sr-latn\/wp-json\/wp\/v2\/types\/page"}],"author":[{"embeddable":true,"href":"https:\/\/internationalproblems.rs\/sr-latn\/wp-json\/wp\/v2\/users\/1"}],"replies":[{"embeddable":true,"href":"https:\/\/internationalproblems.rs\/sr-latn\/wp-json\/wp\/v2\/comments?post=566"}],"version-history":[{"count":11,"href":"https:\/\/internationalproblems.rs\/sr-latn\/wp-json\/wp\/v2\/pages\/566\/revisions"}],"predecessor-version":[{"id":2171,"href":"https:\/\/internationalproblems.rs\/sr-latn\/wp-json\/wp\/v2\/pages\/566\/revisions\/2171"}],"wp:attachment":[{"href":"https:\/\/internationalproblems.rs\/sr-latn\/wp-json\/wp\/v2\/media?parent=566"}],"curies":[{"name":"wp","href":"https:\/\/api.w.org\/{rel}","templated":true}]}}