{"id":608,"date":"2022-11-06T19:44:14","date_gmt":"2022-11-06T19:44:14","guid":{"rendered":"https:\/\/internationalproblems.rs\/?page_id=608"},"modified":"2024-10-18T10:00:52","modified_gmt":"2024-10-18T10:00:52","slug":"obaveze-urednika-i-drugih-tela","status":"publish","type":"page","link":"https:\/\/internationalproblems.rs\/sr-latn\/obaveze-urednika-i-drugih-tela\/","title":{"rendered":"Obaveze urednika i drugih tela"},"content":{"rendered":"\n<div id=\"wp-block-themeisle-blocks-advanced-columns-74729e9e\" class=\"wp-block-themeisle-blocks-advanced-columns has-1-columns has-desktop-equal-layout has-tablet-equal-layout has-mobile-equal-layout has-vertical-unset\"><div class=\"wp-block-themeisle-blocks-advanced-columns-overlay\"><\/div><div class=\"innerblocks-wrap\">\n<div id=\"wp-block-themeisle-blocks-advanced-column-1c609f39\" class=\"wp-block-themeisle-blocks-advanced-column\">\n<h3 class=\"wp-block-heading\"><strong>OBAVEZE UREDNIKA, URE\u0110IVA\u010cKOG ODBORA I IZDAVA\u010cKOG SAVETA<\/strong><\/h3>\n\n\n\n<p class=\"im_para has-medium-font-size\">Izdava\u010dki savet je savetodavno telo koje aktivno doprinosi razvoju \u010dasopisa&nbsp;<em>Me\u0111unarodni problemi<\/em>\/<em>International Problems<\/em>. Zadaci i du\u017enosti \u010dlanova Saveta su: podr\u0161ka razvoju \u010dasopisa, promocija \u010dasopisa, podsticanje stru\u010dnjaka u nau\u010dnom istra\u017eivanju politi\u010dkih, bezbednosnih i pravnih aspekata me\u0111unarodnih odnosa da se uklju\u010de u rad \u010dasopisa kao autori i\/ili recenzenti, pisanje uvodnika, recenzija i komentara o radovima.<\/p>\n\n\n\n<p class=\"im_para has-medium-font-size\">\u010clanovi Ure\u0111iva\u010dkog odbora imaju zadatak da u akademskoj javnosti deluju kao svojevrsni ambasadori \u010dasopisa, da pru\u017ee doprinos u vidu preporu\u010divanja kvalitetnih autora i rukopisa, podsticanja potencijalnih autora da podnose rukopise za objavljivanje u&nbsp;<em>Me\u0111unarodnim problemima<\/em>, te da recenziraju rukopise i pripremaju uvodnike i uredni\u010dke komentare.<\/p>\n\n\n\n<p class=\"im_para has-medium-font-size\">Glavni i odgovorni urednik odgovara za objavljeni sadr\u017eaj i treba da te\u017ei stalnom unapre\u0111enju \u010dasopisa uop\u0161te i procesa osiguranja kvaliteta objavljenog sadr\u017eaja, kao i za\u0161titi slobode izra\u017eavanja, integriteta i standarda nau\u010dnoistra\u017eiva\u010dkog rada od upliva politi\u010dkih, finansijskih i drugih interesa. Glavni i odgovorni urednik treba uvek da objavi ispravku, obja\u0161njenje, obave\u0161tenje o povla\u010denju \u010dlanka i izvinjenje.<\/p>\n\n\n\n<p class=\"im_para has-medium-font-size\">Glavni i odgovorni urednik donosi kona\u010dnu odluku o tome koji \u0107e rukopis objaviti na osnovu: 1) ocene njegovog uklapanja u tematski okvir ure\u0111iva\u010dke politike, 2) ocene nau\u010dnog zna\u010daja, originalnosti, validnosti i disciplinarne relevantnosti istra\u017eivanja predstavljenog u rukopisu, 3) ocene njegove uskla\u0111enosti sa zakonskim propisima koji se odnose na klevetu, kr\u0161enje autorskih prava i plagiranje. Glavni i odgovorni urednik zadr\u017eava diskreciono pravo da primljeni rukopis proceni i odbije bez recenziranja, ukoliko utvrdi da ne odgovara tematskim zahtevima ure\u0111iva\u010dke politike i op\u0161teprihva\u0107enim standardima nau\u010dnoistra\u017eiva\u010dkog rada (tj. ako ne sadr\u017ei strukturne elemente originalnog ili preglednog nau\u010dnog rada). Radovi koji ne zadovoljavaju tehni\u010dke standarde propisane Uputstvom za autore, \u010dak i u slu\u010daju da je sadr\u017eaj korektan, bi\u0107e vra\u0107eni autorima na uskla\u0111ivanje.<\/p>\n\n\n\n<p class=\"im_para has-medium-font-size\" id=\"im_para\">U redovnim okolnostima, autor dobija obave\u0161tenje u roku od &nbsp;deset radnih dana od datuma prijema rukopisa o tome da li se tema rukopisa uklapa u ure\u0111iva\u010dku politiku, te &nbsp;o statusu rada, poput toga kada se o\u010dekuje pokretanje postupka recenziranja.<\/p>\n\n\n\n<p class=\"im_para has-medium-font-size\">Novi glavni i odgovorni urednik ne sme da preina\u010di odluku svog prethodnika o objavljivanju rukopisa, osim ukoliko nisu utvr\u0111ene nove \u010dinjenice koje ukazuju na sporan kvalitet tog rukopisa.<\/p>\n\n\n\n<p class=\"im_para has-medium-font-size\">Glavni i odgovorni urednik, njegov zamenik i \u010dlanovi Ure\u0111iva\u010dkog odbora ne smeju da budu u bilo kakvom sukobu interesa u vezi sa rukopisima koje razmatraju. Iz postupka izbora recenzenata i odlu\u010divanja o sudbini rukopisa isklju\u010duju se \u010dlanovi Ure\u0111iva\u010dkog odbora kod kojih postoji sukob interesa. Ako takav sukob interesa postoji, o izboru recenzenata i sudbini rukopisa odlu\u010duje glavni i odgovorni urednik.<\/p>\n\n\n\n<p class=\"im_para has-medium-font-size\">Glavni i odgovorni urednik, njegov zamenik i \u010dlanovi Ure\u0111iva\u010dkog odbora su du\u017eni da blagovremeno prijave postojanje sukoba interesa.<\/p>\n\n\n\n<p class=\"im_para has-medium-font-size\">Glavni i odgovorni urednik, njegov zamenik i Ure\u0111iva\u010dki odbor du\u017eni su da sud o rukopisu donesu na osnovu njegovog sadr\u017eaja, bez rasnih, polnih\/rodnih, verskih, etni\u010dkih ili politi\u010dkih predrasuda.<\/p>\n\n\n\n<p class=\"im_para has-medium-font-size\">Glavni i odgovorni urednik, njegov zamenik i \u010dlanovi Ure\u0111iva\u010dkog odbora ne smeju da koriste neobjavljen materijal iz predatih rukopisa za svoja istra\u017eivanja bez izri\u010dite pisane dozvole autora, a informacije i ideje iznete u predatim rukopisima moraju se \u010duvati kao poverljive i ne smeju da se koriste za sticanje li\u010dne koristi.<\/p>\n\n\n\n<p class=\"im_para has-medium-font-size\">Glavni i odgovorni urednik, njegov zamenik i \u010dlanovi Ure\u0111iva\u010dkog odbora du\u017eni su da preduzmu sve razumne mere kako bi identitet recenzenata ostao nepoznat autorima pre, tokom i nakon postupka recenzije i kako bi identitet autora ostao nepoznat recenzentima.<\/p>\n<\/div>\n<\/div><\/div>\n","protected":false},"excerpt":{"rendered":"","protected":false},"author":1,"featured_media":0,"parent":0,"menu_order":0,"comment_status":"closed","ping_status":"closed","template":"","meta":{"_themeisle_gutenberg_block_has_review":false,"footnotes":""},"class_list":["post-608","page","type-page","status-publish","hentry"],"blocksy_meta":{"styles_descriptor":{"styles":{"desktop":"","tablet":"","mobile":""},"google_fonts":[],"version":6}},"aioseo_notices":[],"_links":{"self":[{"href":"https:\/\/internationalproblems.rs\/sr-latn\/wp-json\/wp\/v2\/pages\/608","targetHints":{"allow":["GET"]}}],"collection":[{"href":"https:\/\/internationalproblems.rs\/sr-latn\/wp-json\/wp\/v2\/pages"}],"about":[{"href":"https:\/\/internationalproblems.rs\/sr-latn\/wp-json\/wp\/v2\/types\/page"}],"author":[{"embeddable":true,"href":"https:\/\/internationalproblems.rs\/sr-latn\/wp-json\/wp\/v2\/users\/1"}],"replies":[{"embeddable":true,"href":"https:\/\/internationalproblems.rs\/sr-latn\/wp-json\/wp\/v2\/comments?post=608"}],"version-history":[{"count":6,"href":"https:\/\/internationalproblems.rs\/sr-latn\/wp-json\/wp\/v2\/pages\/608\/revisions"}],"predecessor-version":[{"id":1780,"href":"https:\/\/internationalproblems.rs\/sr-latn\/wp-json\/wp\/v2\/pages\/608\/revisions\/1780"}],"wp:attachment":[{"href":"https:\/\/internationalproblems.rs\/sr-latn\/wp-json\/wp\/v2\/media?parent=608"}],"curies":[{"name":"wp","href":"https:\/\/api.w.org\/{rel}","templated":true}]}}