{"id":642,"date":"2022-11-06T21:27:50","date_gmt":"2022-11-06T21:27:50","guid":{"rendered":"https:\/\/internationalproblems.rs\/?page_id=642"},"modified":"2022-11-18T18:58:05","modified_gmt":"2022-11-18T18:58:05","slug":"postupak-recenzije","status":"publish","type":"page","link":"https:\/\/internationalproblems.rs\/sr-latn\/postupak-recenzije\/","title":{"rendered":"Postupak recenzije"},"content":{"rendered":"\n<div id=\"wp-block-themeisle-blocks-advanced-columns-9df537c6\" class=\"wp-block-themeisle-blocks-advanced-columns has-1-columns has-desktop-equal-layout has-tablet-equal-layout has-mobile-equal-layout has-vertical-unset\"><div class=\"wp-block-themeisle-blocks-advanced-columns-overlay\"><\/div><div class=\"innerblocks-wrap\">\n<div id=\"wp-block-themeisle-blocks-advanced-column-2a1f7094\" class=\"wp-block-themeisle-blocks-advanced-column\">\n<h2 class=\"wp-block-heading\">POSTUPAK RECENZIJE<\/h2>\n\n\n\n<p class=\"im_para has-medium-font-size\">Radovi koji se razmatraju za objavljivanje u \u010dasopisu <em>Me\u0111unarodni problemi<\/em>\/<em>International Problems<\/em> podle\u017eu recenziji. Cilj recenzije je da glavnom i odgovornom uredniku pomogne u dono\u0161enju odluke o tome da li rad treba prihvatiti ili odbiti i da kroz proces komunikacije sa autorima pobolj\u0161a kvalitet rukopisa. U normalnim okolnostima, rok za okon\u010danje postupka recenziranja je 30 dana od datuma prijema rukopisa.<\/p>\n\n\n\n<p class=\"im_para has-medium-font-size\">Recenzije su dvostruko anonimne \u2013 identitet autora je nepoznat recenzentima i obrnuto. Identitet recenzenata ostaje nepoznat autorima i obrnuto pre, tokom i nakon postupka recenzije. Glavni i odgovorni urednik garantuje da \u0107e pre slanja rukopisa na recenziju iz njega biti uklonjeni li\u010dni podaci autora (prvenstveno ime i afilijacija) i da \u0107e preduzeti sve razumne mere kako bi identitet autora ostao nepoznat recenzentima. Tokom \u010ditavog procesa, recenzenti deluju nezavisno jedni od drugih. Recenzentima nije poznat identitet drugih recenzenata. Ako odluke recenzenata nisu iste, glavni i odgovorni urednik mo\u017ee da tra\u017ei mi\u0161ljenje drugih recenzenata.<\/p>\n\n\n\n<p class=\"im_para has-medium-font-size\">Izbor recenzenata spada u diskreciona prava glavnog i odgovornog urednika. Recenzenti moraju da raspola\u017eu relevantnim znanjima u vezi sa obla\u0161\u0107u kojom se rukopis bavi; oni ne smeju da budu iz iste institucije kao autori rukopisa niti smeju da sa njima imaju nedavno objavljene zajedni\u010dke radove.<\/p>\n\n\n\n<p class=\"im_para has-medium-font-size\">Glavni i odgovorni urednik \u0161alje podneti rukopis zajedno sa obrascem recenzije dvojici recenzenata, stru\u010dnjacima za relevantnu nau\u010dnu oblast. Kako bi se osigurala nezavisna, nepristrasna i objektivna evaluacija, zahtevi za recenzije ne upu\u0107uju se osobama koje su povezane s mati\u010dnom institucijom autora.<\/p>\n\n\n\n<p class=\"im_para has-medium-font-size\">Obrazac recenzije sadr\u017ei niz pitanja na koja treba odgovoriti, a koja recenzentima ukazuju koji su to aspekti koje treba obuhvatiti kako bi se donela odluka o sudbini rukopisa. U zavr\u0161nom delu obrasca, recenzenti moraju da navedu svoja zapa\u017eanja i predloge kako da se podneti rukopis pobolj\u0161a.<\/p>\n\n\n\n<p class=\"im_para has-medium-font-size\">Glavni i odgovorni urednik mo\u017ee da tokom postupka recenzije zahteva od autora da dostavi dodatne informacije (uklju\u010duju\u0107i i primarne podatke), ako su one potrebne za ocenu nau\u010dnog doprinosa rukopisa. Glavni i odgovorni urednik i recenzenti moraju da \u010duvaju takve informacije kao poverljive i ne smeju ih koristiti za sticanje li\u010dne koristi.<\/p>\n\n\n\n<p class=\"im_para has-medium-font-size\">U slu\u010daju da autor ima ozbiljne i osnovane zamerke na ra\u010dun recenzije, glavni i odgovorni urednik \u0107e proveriti da li je recenzija objektivna i da li zadovoljava nau\u010dne standarde. Ako se pojavi sumnja u objektivnost ili kvalitet recenzije, glavni i odgovorni urednik \u0107e tra\u017eiti mi\u0161ljenje dodatnog recenzenta.<\/p>\n<\/div>\n<\/div><\/div>\n","protected":false},"excerpt":{"rendered":"","protected":false},"author":1,"featured_media":0,"parent":0,"menu_order":0,"comment_status":"closed","ping_status":"closed","template":"","meta":{"_themeisle_gutenberg_block_has_review":false,"footnotes":""},"class_list":["post-642","page","type-page","status-publish","hentry"],"blocksy_meta":{"styles_descriptor":{"styles":{"desktop":"","tablet":"","mobile":""},"google_fonts":[],"version":6}},"aioseo_notices":[],"_links":{"self":[{"href":"https:\/\/internationalproblems.rs\/sr-latn\/wp-json\/wp\/v2\/pages\/642","targetHints":{"allow":["GET"]}}],"collection":[{"href":"https:\/\/internationalproblems.rs\/sr-latn\/wp-json\/wp\/v2\/pages"}],"about":[{"href":"https:\/\/internationalproblems.rs\/sr-latn\/wp-json\/wp\/v2\/types\/page"}],"author":[{"embeddable":true,"href":"https:\/\/internationalproblems.rs\/sr-latn\/wp-json\/wp\/v2\/users\/1"}],"replies":[{"embeddable":true,"href":"https:\/\/internationalproblems.rs\/sr-latn\/wp-json\/wp\/v2\/comments?post=642"}],"version-history":[{"count":4,"href":"https:\/\/internationalproblems.rs\/sr-latn\/wp-json\/wp\/v2\/pages\/642\/revisions"}],"predecessor-version":[{"id":983,"href":"https:\/\/internationalproblems.rs\/sr-latn\/wp-json\/wp\/v2\/pages\/642\/revisions\/983"}],"wp:attachment":[{"href":"https:\/\/internationalproblems.rs\/sr-latn\/wp-json\/wp\/v2\/media?parent=642"}],"curies":[{"name":"wp","href":"https:\/\/api.w.org\/{rel}","templated":true}]}}