{"id":658,"date":"2022-11-06T22:09:37","date_gmt":"2022-11-06T22:09:37","guid":{"rendered":"https:\/\/internationalproblems.rs\/?page_id=658"},"modified":"2022-11-18T19:11:00","modified_gmt":"2022-11-18T19:11:00","slug":"postanite-recenzent","status":"publish","type":"page","link":"https:\/\/internationalproblems.rs\/sr-latn\/postanite-recenzent\/","title":{"rendered":"Postanite recenzent"},"content":{"rendered":"\n<div id=\"wp-block-themeisle-blocks-advanced-columns-22602382\" class=\"wp-block-themeisle-blocks-advanced-columns has-1-columns has-desktop-equal-layout has-tablet-equal-layout has-mobile-equal-layout has-vertical-unset\"><div class=\"wp-block-themeisle-blocks-advanced-columns-overlay\"><\/div><div class=\"innerblocks-wrap\">\n<div id=\"wp-block-themeisle-blocks-advanced-column-1a012baa\" class=\"wp-block-themeisle-blocks-advanced-column\">\n<h2 class=\"wp-block-heading\">Postanite recenzent<\/h2>\n\n\n\n<p class=\"im_para has-medium-font-size\">Ukoliko ste zainteresovani da se priklju\u010dite listi recenzenata za \u010dasopis <em>Me\u0111unarodni problemi<\/em>\/<em>International Problems<\/em>, zamolili bismo da nam uputite e-poruku sa kratkim obja\u0161njenjem motivacije (jedan pasus) i Va\u0161im CV-jem na elektronsku adresu Redakcije: <a href=\"mailto:ip@diplomacy.bg.ac.rs\">ip@diplomacy.bg.ac.rs<\/a>.<\/p>\n<\/div>\n<\/div><\/div>\n","protected":false},"excerpt":{"rendered":"","protected":false},"author":1,"featured_media":0,"parent":0,"menu_order":0,"comment_status":"closed","ping_status":"closed","template":"","meta":{"_themeisle_gutenberg_block_has_review":false,"footnotes":""},"class_list":["post-658","page","type-page","status-publish","hentry"],"blocksy_meta":{"styles_descriptor":{"styles":{"desktop":"","tablet":"","mobile":""},"google_fonts":[],"version":6}},"aioseo_notices":[],"_links":{"self":[{"href":"https:\/\/internationalproblems.rs\/sr-latn\/wp-json\/wp\/v2\/pages\/658","targetHints":{"allow":["GET"]}}],"collection":[{"href":"https:\/\/internationalproblems.rs\/sr-latn\/wp-json\/wp\/v2\/pages"}],"about":[{"href":"https:\/\/internationalproblems.rs\/sr-latn\/wp-json\/wp\/v2\/types\/page"}],"author":[{"embeddable":true,"href":"https:\/\/internationalproblems.rs\/sr-latn\/wp-json\/wp\/v2\/users\/1"}],"replies":[{"embeddable":true,"href":"https:\/\/internationalproblems.rs\/sr-latn\/wp-json\/wp\/v2\/comments?post=658"}],"version-history":[{"count":3,"href":"https:\/\/internationalproblems.rs\/sr-latn\/wp-json\/wp\/v2\/pages\/658\/revisions"}],"predecessor-version":[{"id":997,"href":"https:\/\/internationalproblems.rs\/sr-latn\/wp-json\/wp\/v2\/pages\/658\/revisions\/997"}],"wp:attachment":[{"href":"https:\/\/internationalproblems.rs\/sr-latn\/wp-json\/wp\/v2\/media?parent=658"}],"curies":[{"name":"wp","href":"https:\/\/api.w.org\/{rel}","templated":true}]}}