{"id":730,"date":"2022-11-08T23:06:16","date_gmt":"2022-11-08T23:06:16","guid":{"rendered":"https:\/\/internationalproblems.rs\/?page_id=730"},"modified":"2022-11-18T19:08:25","modified_gmt":"2022-11-18T19:08:25","slug":"krsenje-etike","status":"publish","type":"page","link":"https:\/\/internationalproblems.rs\/sr-latn\/krsenje-etike\/","title":{"rendered":"Neeti\u010dno pona\u0161anje"},"content":{"rendered":"\n<h2 class=\"wp-block-heading\">POSTUPANjE U SLU\u010cAJEVIMA NEETI\u010cNOG PONA\u0160ANjA<\/h2>\n\n\n\n<p class=\"im_para has-medium-font-size\">Glavni i odgovorni urednik<em> Me\u0111unarodnih problema<\/em> je du\u017ean da pokrene odgovaraju\u0107i postupak ukoliko razumno sumnja ili utvrdi da je do\u0161lo do povrede eti\u010dkih standarda propisanih Kodeksom pona\u0161anja u nau\u010dnoistra\u017eiva\u010dkom radu \u2013 bilo u objavljenim \u010dlancima ili u jo\u0161 neobjavljenim rukopisima. Svako mo\u017ee da u bilo kom trenutku prijavi glavnom i odgovornom uredniku sumnju o postojanju povrede eti\u010dkih standarda uz dostavljanje valjanih dokaza.<\/p>\n\n\n\n<p class=\"im_para has-medium-font-size\">Glavni i odgovorni urednik \u0107e u dogovoru sa Ure\u0111iva\u010dkim odborom odlu\u010diti o pokretanju postupka koji ima za cilj proveru iznesenih navoda i dokaza. Tokom tog postupka svi izneseni dokazi smatra\u0107e se poverljivim materijalom i bi\u0107e predo\u010deni samo osobama koje su neposredno uklju\u010dene u postupak. Autorima za koje postoji razumna sumnja da su prekr\u0161ili eti\u010dke standarde bi\u0107e data mogu\u0107nost da odgovore na redo\u010dene dokaze i iznesu sopstvenu argumentaciju.<\/p>\n\n\n\n<p class=\"im_para has-medium-font-size\">Glavni i odgovorni urednik u saradnji sa Ure\u0111iva\u010dkim odborom \u2013 i, ako je to potrebno, grupom stru\u010dnjaka \u2013 okon\u010dava postupak tako \u0161to donosi odluku o tome da li je do\u0161lo do povrede eti\u010dkih standarda. U slu\u010daju da je postupkom utvr\u0111ena povreda, ona se istom odlukom klasifikuje kao lak\u0161a ili te\u017ea. U te\u017ee povrede eti\u010dkih standarda ubrajaju se plagijat, la\u017eno autorstvo, izmi\u0161ljanje i krivotvorenje podataka i\/ili nau\u010dnih rezultata i ekstenzivno autoplagiranje (preko 50% od ukupnog teksta rukopisa ili objavljenog \u010dlanka).<\/p>\n\n\n\n<p class=\"im_para has-medium-font-size\">Pored odbijanja predatog rukopisa ili povla\u010denja ve\u0107 objavljenog rada (u skladu sa procedurom opisanom u odeljku Povla\u010denje ve\u0107 objavljenih radova) predvi\u0111ene su i slede\u0107e mere, koje se mogu primenjivati zasebno ili kumulativno:<\/p>\n\n\n\n<ul class=\"has-medium-font-size wp-block-list\">\n<li>U slu\u010daju lak\u0161e povrede eti\u010dkih standarda, autorima se izri\u010de zabrana objavljivanja u trajanju od dve godine;<\/li>\n\n\n\n<li>U slu\u010daju te\u017ee povrede eti\u010dkih standarda ili dva ili vi\u0161e puta ponovljene lak\u0161e povrede, autorima se izri\u010de zabrana objavljivanja u trajanju od pet do deset godina;<\/li>\n\n\n\n<li>Objavljivanje saop\u0161tenja ili uvodnika u kojem se opisuje utvr\u0111en slu\u010daj povrede eti\u010dkih standarda;<\/li>\n\n\n\n<li>Slanje slu\u017ebenog obave\u0161tenja neposrednom rukovodiocu i\/ili poslodavcu prekr\u0161ioca;<\/li>\n\n\n\n<li>Upoznavanje relevantnih nau\u010dnihi stru\u010dnih organizacija ili nadle\u017enih organa sa slu\u010dajem kako bi mogli da preduzmu odgovaraju\u0107e mere.<\/li>\n<\/ul>\n\n\n\n<p class=\"im_para has-medium-font-size\">Prilikom postupanja u slu\u010dajevima neeti\u010dnog pona\u0161anja glavni i odgovorni urednik i Ure\u0111iva\u010dki odbor se rukovode smernicama i preporukama Odbora za etiku u izdava\u0161tvu (<a href=\"http:\/\/publicationethics.org\/resources\/\">http:\/\/publicationethics.org\/resources\/<\/a>).<\/p>\n","protected":false},"excerpt":{"rendered":"<p>POSTUPANjE U SLU\u010cAJEVIMA NEETI\u010cNOG PONA\u0160ANjA Glavni i odgovorni urednik Me\u0111unarodnih problema je du\u017ean da pokrene odgovaraju\u0107i postupak ukoliko razumno sumnja ili utvrdi da je do\u0161lo do povrede eti\u010dkih standarda propisanih Kodeksom pona\u0161anja u nau\u010dnoistra\u017eiva\u010dkom radu \u2013 bilo u objavljenim \u010dlancima ili u jo\u0161 neobjavljenim rukopisima. Svako mo\u017ee da u bilo kom trenutku prijavi glavnom i [&hellip;]<\/p>\n","protected":false},"author":1,"featured_media":0,"parent":0,"menu_order":0,"comment_status":"closed","ping_status":"closed","template":"","meta":{"_themeisle_gutenberg_block_has_review":false,"footnotes":""},"class_list":["post-730","page","type-page","status-publish","hentry"],"blocksy_meta":{"styles_descriptor":{"styles":{"desktop":"","tablet":"","mobile":""},"google_fonts":[],"version":6}},"aioseo_notices":[],"_links":{"self":[{"href":"https:\/\/internationalproblems.rs\/sr-latn\/wp-json\/wp\/v2\/pages\/730","targetHints":{"allow":["GET"]}}],"collection":[{"href":"https:\/\/internationalproblems.rs\/sr-latn\/wp-json\/wp\/v2\/pages"}],"about":[{"href":"https:\/\/internationalproblems.rs\/sr-latn\/wp-json\/wp\/v2\/types\/page"}],"author":[{"embeddable":true,"href":"https:\/\/internationalproblems.rs\/sr-latn\/wp-json\/wp\/v2\/users\/1"}],"replies":[{"embeddable":true,"href":"https:\/\/internationalproblems.rs\/sr-latn\/wp-json\/wp\/v2\/comments?post=730"}],"version-history":[{"count":7,"href":"https:\/\/internationalproblems.rs\/sr-latn\/wp-json\/wp\/v2\/pages\/730\/revisions"}],"predecessor-version":[{"id":994,"href":"https:\/\/internationalproblems.rs\/sr-latn\/wp-json\/wp\/v2\/pages\/730\/revisions\/994"}],"wp:attachment":[{"href":"https:\/\/internationalproblems.rs\/sr-latn\/wp-json\/wp\/v2\/media?parent=730"}],"curies":[{"name":"wp","href":"https:\/\/api.w.org\/{rel}","templated":true}]}}