{"id":733,"date":"2022-11-08T23:08:30","date_gmt":"2022-11-08T23:08:30","guid":{"rendered":"https:\/\/internationalproblems.rs\/?page_id=733"},"modified":"2026-04-13T16:06:05","modified_gmt":"2026-04-13T16:06:05","slug":"plagijarizam","status":"publish","type":"page","link":"https:\/\/internationalproblems.rs\/sr-latn\/plagijarizam\/","title":{"rendered":"Plagijarizam"},"content":{"rendered":"\n<h2 class=\"wp-block-heading\">Plagijarizam<\/h2>\n\n\n\n<p class=\"im_para has-medium-font-size\">Plagijat \u2013 odnosno prisvajanje tu\u0111ih ideja, re\u010di ili drugih kreativnih izraza kao svojih, bez navo\u0111enja originalnog autora i izvora \u2013 predstavlja jasan oblik nau\u010dne zloupotrebe i kr\u0161enje etike u publikovanju. Plagijat tako\u0111e mo\u017ee predstavljati i kr\u0161enje autorskih prava, koje mo\u017ee biti ka\u017enjivo pravnim putem.<\/p>\n\n\n\n<p class=\"im_para has-medium-font-size\"><strong>Svi rukopisi podneti \u010dasopisu \u201eMe\u0111unarodni problemi\u201c (International Problems) podle\u017eu nezavisnoj proveri na plagijat kori\u0161\u0107enjem specijalizovanog softvera za detekciju: <u>iThenticate 2.0.<\/u><\/strong><strong><u><\/u><\/strong><\/p>\n\n\n\n<p class=\"im_para has-medium-font-size\">Ukoliko uredni\u010dki tim utvrdi da podneti rukopis sadr\u017ei plagirani materijal, rukopis \u0107e biti odbijen i bi\u0107e izre\u010dene odgovaraju\u0107e sankcije. U takvim slu\u010dajevima, autorima \u0107e biti zabranjeno da podnose ili objavljuju rukopise u \u010dasopisu najmanje u dva uzastopna volumena. Ova politika se odnosi na sve oblike plagijata, uklju\u010duju\u0107i, ali ne ograni\u010davaju\u0107i se na, direktno kopiranje bez odgovaraju\u0107eg navo\u0111enja izvora, parafraziranje bez adekvatnog citiranja, autoplagijat, kao i fabrikovanje ili falsifikovanje podataka. Plagijat uklju\u010duje, ali se ne ograni\u010dava na, slede\u0107e:<\/p>\n\n\n\n<p class=\"im_para has-medium-font-size\">\u2022 Kopiranje od re\u010di do re\u010di, ili gotovo od re\u010di do re\u010di, kao i namerno parafraziranje delova rada drugog autora bez jasnog navo\u0111enja izvora ili ozna\u010davanja preuzetog dela (na primer, upotrebom navodnika).<\/p>\n\n\n\n<p class=\"im_para has-medium-font-size\">\u2022 Prisvajanje tu\u0111ih ideja bez navo\u0111enja autorstva i izvora u kojima su te ideje prvobitno predstavljene.<\/p>\n\n\n\n<p class=\"im_para has-medium-font-size\">\u2022 Preuzimanje slika ili tabela iz rada drugog autora bez pravilnog navo\u0111enja izvora i\/ili bez dozvole originalnog autora ili nosioca autorskih prava.<\/p>\n\n\n\n<p class=\"im_para has-medium-font-size\">\u2022 Autoplagijat.<\/p>\n\n\n\n<p class=\"im_para has-medium-font-size\">\u2022 Fabrikovanje ili falsifikovanje podataka.<\/p>\n\n\n\n<p class=\"im_para has-medium-font-size\">Postupak u slu\u010dajevima kada postoje jasne indikacije da podneti rukopis ili ve\u0107 objavljeni \u010dlanak potpadaju pod definiciju plagijata opisan je u odeljcima koji se ti\u010du <a href=\"https:\/\/internationalproblems.rs\/sr\/%d0%bd%d0%b5%d0%b5%d1%82%d0%b8%d1%87%d0%bd%d0%be-%d0%bf%d0%be%d0%bd%d0%b0%d1%88%d0%b0%d1%9a%d0%b5\/\">neeti\u010dnog pona\u0161anja<\/a> i <a href=\"https:\/\/internationalproblems.rs\/sr\/%d0%bf%d0%be%d0%b2%d0%bb%d0%b0%d1%87%d0%b5%d1%9a%d0%b5-%d0%b2%d0%b5%d1%9b-%d0%be%d0%b1%d1%98%d0%b0%d0%b2%d1%99%d0%b5%d0%bd%d0%b8%d1%85-%d1%80%d0%b0%d0%b4%d0%be%d0%b2%d0%b0\/\">povla\u010denja ve\u0107 objavljenih radova<\/a>.<\/p>\n\n\n\n<p class=\"im_para has-medium-font-size\"><strong>Podno\u0161enjem rukopisa \u010dasopisu \u201eMe\u0111unarodni problemi \/ International Problems\u201c, autori potvr\u0111uju i saglasni su da njihov rukopis mo\u017ee biti proveren softverom za detekciju plagijata, kao i da se mogu preduzeti odgovaraju\u0107e mere u slu\u010dajevima kada se plagijat utvrdi.<\/strong><\/p>\n\n\n\n<p><\/p>\n","protected":false},"excerpt":{"rendered":"<p>Plagijarizam Plagijat \u2013 odnosno prisvajanje tu\u0111ih ideja, re\u010di ili drugih kreativnih izraza kao svojih, bez navo\u0111enja originalnog autora i izvora \u2013 predstavlja jasan oblik nau\u010dne zloupotrebe i kr\u0161enje etike u publikovanju. Plagijat tako\u0111e mo\u017ee predstavljati i kr\u0161enje autorskih prava, koje mo\u017ee biti ka\u017enjivo pravnim putem. Svi rukopisi podneti \u010dasopisu \u201eMe\u0111unarodni problemi\u201c (International Problems) podle\u017eu nezavisnoj [&hellip;]<\/p>\n","protected":false},"author":1,"featured_media":0,"parent":0,"menu_order":0,"comment_status":"closed","ping_status":"closed","template":"","meta":{"_themeisle_gutenberg_block_has_review":false,"footnotes":""},"class_list":["post-733","page","type-page","status-publish","hentry"],"blocksy_meta":{"styles_descriptor":{"styles":{"desktop":"","tablet":"","mobile":""},"google_fonts":[],"version":6}},"aioseo_notices":[],"_links":{"self":[{"href":"https:\/\/internationalproblems.rs\/sr-latn\/wp-json\/wp\/v2\/pages\/733","targetHints":{"allow":["GET"]}}],"collection":[{"href":"https:\/\/internationalproblems.rs\/sr-latn\/wp-json\/wp\/v2\/pages"}],"about":[{"href":"https:\/\/internationalproblems.rs\/sr-latn\/wp-json\/wp\/v2\/types\/page"}],"author":[{"embeddable":true,"href":"https:\/\/internationalproblems.rs\/sr-latn\/wp-json\/wp\/v2\/users\/1"}],"replies":[{"embeddable":true,"href":"https:\/\/internationalproblems.rs\/sr-latn\/wp-json\/wp\/v2\/comments?post=733"}],"version-history":[{"count":10,"href":"https:\/\/internationalproblems.rs\/sr-latn\/wp-json\/wp\/v2\/pages\/733\/revisions"}],"predecessor-version":[{"id":2220,"href":"https:\/\/internationalproblems.rs\/sr-latn\/wp-json\/wp\/v2\/pages\/733\/revisions\/2220"}],"wp:attachment":[{"href":"https:\/\/internationalproblems.rs\/sr-latn\/wp-json\/wp\/v2\/media?parent=733"}],"curies":[{"name":"wp","href":"https:\/\/api.w.org\/{rel}","templated":true}]}}