{"id":736,"date":"2022-11-08T23:09:44","date_gmt":"2022-11-08T23:09:44","guid":{"rendered":"https:\/\/internationalproblems.rs\/?page_id=736"},"modified":"2022-11-18T19:00:58","modified_gmt":"2022-11-18T19:00:58","slug":"povlacenje-vec-objavljenih-radova","status":"publish","type":"page","link":"https:\/\/internationalproblems.rs\/sr-latn\/povlacenje-vec-objavljenih-radova\/","title":{"rendered":"Povla\u010denje ve\u0107 objavljenih radova"},"content":{"rendered":"\n<h2 class=\"wp-block-heading\">Povla\u010denje ve\u0107 objavljenih radova<\/h2>\n\n\n\n<p class=\"im_para has-medium-font-size\">U slu\u010daju kr\u0161enja prava izdava\u010da, nosilaca autorskih prava ili autora, povrede profesionalnih eti\u010dkih kodeksa, tj. u slu\u010daju slanja istog rukopisa u vi\u0161e \u010dasopisa u isto vreme, la\u017ene tvrdnje o autorstvu, plagijata, manipulacije podacima u cilju prevare, kao i u svim drugim slu\u010dajevima te\u017eih povreda eti\u010dkih standarda propisanih Kodeksom pona\u0161anja u nau\u010dnoistra\u017eiva\u010dkom radu, objavljeni rad se mora povu\u0107i. U nekim slu\u010dajevima ve\u0107 objavljeni rad se mo\u017ee povu\u0107i i kako bi se ispravile naknadno uo\u010dene gre\u0161ke.<\/p>\n\n\n\n<p class=\"im_para has-medium-font-size\">U pogledu povla\u010denja rada, glavni i odgovorni urednik i Ure\u0111iva\u010dki odbor <em>Me\u0111unarodnih problema<\/em> rukovode se odgovaraju\u0107im smernicama Odbora za etiku u izdava\u0161tvu (<a href=\"https:\/\/publicationethics.org\/files\/retraction-guidelines.pdf\">https:\/\/publicationethics.org\/files\/retraction-guidelines.pdf<\/a>).<\/p>\n","protected":false},"excerpt":{"rendered":"<p>Povla\u010denje ve\u0107 objavljenih radova U slu\u010daju kr\u0161enja prava izdava\u010da, nosilaca autorskih prava ili autora, povrede profesionalnih eti\u010dkih kodeksa, tj. u slu\u010daju slanja istog rukopisa u vi\u0161e \u010dasopisa u isto vreme, la\u017ene tvrdnje o autorstvu, plagijata, manipulacije podacima u cilju prevare, kao i u svim drugim slu\u010dajevima te\u017eih povreda eti\u010dkih standarda propisanih Kodeksom pona\u0161anja u nau\u010dnoistra\u017eiva\u010dkom [&hellip;]<\/p>\n","protected":false},"author":1,"featured_media":0,"parent":0,"menu_order":0,"comment_status":"closed","ping_status":"closed","template":"","meta":{"_themeisle_gutenberg_block_has_review":false,"footnotes":""},"class_list":["post-736","page","type-page","status-publish","hentry"],"blocksy_meta":{"styles_descriptor":{"styles":{"desktop":"","tablet":"","mobile":""},"google_fonts":[],"version":6}},"aioseo_notices":[],"_links":{"self":[{"href":"https:\/\/internationalproblems.rs\/sr-latn\/wp-json\/wp\/v2\/pages\/736","targetHints":{"allow":["GET"]}}],"collection":[{"href":"https:\/\/internationalproblems.rs\/sr-latn\/wp-json\/wp\/v2\/pages"}],"about":[{"href":"https:\/\/internationalproblems.rs\/sr-latn\/wp-json\/wp\/v2\/types\/page"}],"author":[{"embeddable":true,"href":"https:\/\/internationalproblems.rs\/sr-latn\/wp-json\/wp\/v2\/users\/1"}],"replies":[{"embeddable":true,"href":"https:\/\/internationalproblems.rs\/sr-latn\/wp-json\/wp\/v2\/comments?post=736"}],"version-history":[{"count":3,"href":"https:\/\/internationalproblems.rs\/sr-latn\/wp-json\/wp\/v2\/pages\/736\/revisions"}],"predecessor-version":[{"id":989,"href":"https:\/\/internationalproblems.rs\/sr-latn\/wp-json\/wp\/v2\/pages\/736\/revisions\/989"}],"wp:attachment":[{"href":"https:\/\/internationalproblems.rs\/sr-latn\/wp-json\/wp\/v2\/media?parent=736"}],"curies":[{"name":"wp","href":"https:\/\/api.w.org\/{rel}","templated":true}]}}